{"id":49334,"date":"2017-07-04T00:12:29","date_gmt":"2017-07-03T22:12:29","guid":{"rendered":"https:\/\/www.edilmultiservices.it\/cartongesso\/"},"modified":"2023-06-29T23:24:15","modified_gmt":"2023-06-29T21:24:15","slug":"plasterboard","status":"publish","type":"page","link":"https:\/\/www.edilmultiservices.it\/en\/plasterboard\/","title":{"rendered":"Creation of plasterboard walls and furnishings"},"content":{"rendered":"<p>[et_pb_section fb_built=&#8221;1&#8243; admin_label=&#8221;Header&#8221; _builder_version=&#8221;4.19.2&#8243; _module_preset=&#8221;default&#8221; overflow-x=&#8221;hidden&#8221; overflow-y=&#8221;hidden&#8221; custom_padding=&#8221;0px||0px||true|false&#8221; collapsed=&#8221;on&#8221; global_colors_info=&#8221;{}&#8221;][et_pb_row column_structure=&#8221;1_2,1_2&#8243; _builder_version=&#8221;4.19.2&#8243; _module_preset=&#8221;default&#8221; custom_padding=&#8221;0px||||false|false&#8221; global_colors_info=&#8221;{}&#8221;][et_pb_column type=&#8221;1_2&#8243; _builder_version=&#8221;4.19.2&#8243; _module_preset=&#8221;default&#8221; custom_padding=&#8221;8vw||||false|false&#8221; custom_padding_tablet=&#8221;||||false|false&#8221; custom_padding_phone=&#8221;0vw||||false|false&#8221; custom_padding_last_edited=&#8221;off|desktop&#8221; global_colors_info=&#8221;{}&#8221;][et_pb_post_title meta=&#8221;off&#8221; featured_image=&#8221;off&#8221; _builder_version=&#8221;4.21.0&#8243; _module_preset=&#8221;default&#8221; title_font_size=&#8221;37px&#8221; global_colors_info=&#8221;{}&#8221;][\/et_pb_post_title][et_pb_text _builder_version=&#8221;4.21.0&#8243; _module_preset=&#8221;7519d7dd-a5ff-44b6-9b8f-2ffa0d0d61f4&#8243; text_text_color=&#8221;#FFFFFF&#8221; background_color=&#8221;#7F7F7F&#8221; custom_padding=&#8221;40px|40px|40px|40px|true|true&#8221; custom_padding_tablet=&#8221;30px|30px|30px|30px|true|true&#8221; custom_padding_phone=&#8221;20px|20px|20px|20px|true|true&#8221; custom_padding_last_edited=&#8221;on|desktop&#8221; hover_enabled=&#8221;0&#8243; global_colors_info=&#8221;{}&#8221; sticky_enabled=&#8221;0&#8243;]<\/p>\n<p style=\"text-align: justify;\">Already the most ancient populations, such as the Babylonians, the Chaldeans and the Egyptians, were well aware of the art of plaster, which was not even lost subsequently in the course of history, so much so that it reached its peak during the Baroque and Rococo periods.<br \/>Today gypsum is widely used both for decorative creations to which the material is excellently suited, and as a plaster, binder, monolithic building block<\/p>\n<p>[\/et_pb_text][\/et_pb_column][et_pb_column type=&#8221;1_2&#8243; _builder_version=&#8221;4.19.2&#8243; _module_preset=&#8221;default&#8221; global_colors_info=&#8221;{}&#8221;][et_pb_image src=&#8221;https:\/\/www.edilmultiservices.it\/wp-content\/uploads\/2023\/06\/IMG_2209.jpg&#8221; title_text=&#8221;IMG_2209&#8243; _builder_version=&#8221;4.21.0&#8243; _module_preset=&#8221;default&#8221; custom_margin=&#8221;|-30vw|0px||false|false&#8221; custom_margin_tablet=&#8221;|0vw|0px||false|false&#8221; custom_margin_phone=&#8221;|0vw|0px||false|false&#8221; custom_margin_last_edited=&#8221;on|tablet&#8221; global_colors_info=&#8221;{}&#8221;][\/et_pb_image][et_pb_image src=&#8221;https:\/\/www.edilmultiservices.it\/wp-content\/uploads\/2023\/06\/civil-engineering-19.png&#8221; title_text=&#8221;civil-engineering-19&#8243; _builder_version=&#8221;4.19.2&#8243; _module_preset=&#8221;default&#8221; width=&#8221;77%&#8221; custom_margin=&#8221;-49%||||false|false&#8221; global_colors_info=&#8221;{}&#8221;][\/et_pb_image][\/et_pb_column][\/et_pb_row][\/et_pb_section][et_pb_section fb_built=&#8221;1&#8243; admin_label=&#8221;About&#8221; _builder_version=&#8221;4.19.2&#8243; _module_preset=&#8221;default&#8221; custom_padding=&#8221;5px||90px||false|false&#8221; collapsed=&#8221;on&#8221; global_colors_info=&#8221;{}&#8221;][et_pb_row _builder_version=&#8221;4.19.2&#8243; _module_preset=&#8221;default&#8221; global_colors_info=&#8221;{}&#8221;][et_pb_column type=&#8221;4_4&#8243; _builder_version=&#8221;4.19.2&#8243; _module_preset=&#8221;default&#8221; global_colors_info=&#8221;{}&#8221;][et_pb_text _builder_version=&#8221;4.21.0&#8243; _module_preset=&#8221;7519d7dd-a5ff-44b6-9b8f-2ffa0d0d61f4&#8243; hover_enabled=&#8221;0&#8243; global_colors_info=&#8221;{}&#8221; sticky_enabled=&#8221;0&#8243;]<\/p>\n<p style=\"text-align: justify;\">There can be many solutions in which this material is used.<br \/>Its merits are numerous: the walls created can be removed in the future or moved easily; it is easy to run cables for lighting, install electrical outlets and spotlights; it does not produce rubble and dust and once erected the structure is able to support shelves and shelves like a normal wall. The desire to change the look of our home, our apartment or our shop can lead us to imagine the creation of new walls within our environments.<\/p>\n<p>[\/et_pb_text][\/et_pb_column][\/et_pb_row][et_pb_row _builder_version=&#8221;4.21.0&#8243; _module_preset=&#8221;default&#8221; global_colors_info=&#8221;{}&#8221;][et_pb_column type=&#8221;4_4&#8243; _builder_version=&#8221;4.21.0&#8243; _module_preset=&#8221;default&#8221; global_colors_info=&#8221;{}&#8221;][et_pb_gallery gallery_ids=&#8221;49304,49305,49306,49307&#8243; show_title_and_caption=&#8221;off&#8221; show_pagination=&#8221;off&#8221; _builder_version=&#8221;4.21.0&#8243; _module_preset=&#8221;default&#8221; global_colors_info=&#8221;{}&#8221;][\/et_pb_gallery][\/et_pb_column][\/et_pb_row][et_pb_row column_structure=&#8221;1_2,1_2&#8243; _builder_version=&#8221;4.19.2&#8243; _module_preset=&#8221;default&#8221; global_colors_info=&#8221;{}&#8221;][et_pb_column type=&#8221;1_2&#8243; _builder_version=&#8221;4.19.2&#8243; _module_preset=&#8221;default&#8221; global_colors_info=&#8221;{}&#8221;][et_pb_text _builder_version=&#8221;4.21.0&#8243; _module_preset=&#8221;7519d7dd-a5ff-44b6-9b8f-2ffa0d0d61f4&#8243; hover_enabled=&#8221;0&#8243; global_colors_info=&#8221;{}&#8221; sticky_enabled=&#8221;0&#8243;]<\/p>\n<p style=\"text-align: justify;\">Create a walk-in closet in a very large bedroom; better separate an entrance from the living area; create an anteroom with a small laundry room. Plasterboard can be the ideal solution and can effectively replace the traditional brick. Plasterboard is a building material formed by a layer of plaster sandwiched between two sheets of cardboard. It comes in the form of slabs 120 cm wide, 200 to 300 cm long, and with thicknesses ranging from 6 to 18 mm. Drywall needs a structure to be attached to. A plasterboard wall is made with a dry construction system, without the use of mortars or cements, but only simple screws and dowels. It consists of a metal structure, fixed to the floor, to the ceiling and to one or more walls, by a cavity that can be filled with insulating material, and by two external plasterboard slabs.<\/p>\n<p>[\/et_pb_text][\/et_pb_column][et_pb_column type=&#8221;1_2&#8243; _builder_version=&#8221;4.19.2&#8243; _module_preset=&#8221;default&#8221; global_colors_info=&#8221;{}&#8221;][dvppl_cf7_styler cf7=&#8221;49452&#8243; _builder_version=&#8221;4.21.0&#8243; _module_preset=&#8221;default&#8221; hover_enabled=&#8221;0&#8243; global_colors_info=&#8221;{}&#8221; sticky_enabled=&#8221;0&#8243;][\/dvppl_cf7_styler][\/et_pb_column][\/et_pb_row][\/et_pb_section]<\/p>\n","protected":false},"excerpt":{"rendered":"<p>Already the most ancient populations, such as the Babylonians, the Chaldeans and the Egyptians, were well aware of the art of plaster, which was not even lost subsequently in the course of history, so much so that it reached its peak during the Baroque and Rococo periods.Today gypsum is widely used both for decorative creations [&hellip;]<\/p>\n","protected":false},"author":1,"featured_media":0,"parent":0,"menu_order":0,"comment_status":"closed","ping_status":"closed","template":"","meta":{"_et_pb_use_builder":"on","_et_pb_old_content":"[:it]<h1><strong>Creazione di pareti ed arredamenti con cartongesso<\/strong><\/h1>\r\n<p style=\"text-align: justify;\"><a href=\"https:\/\/www.edilmultiservices.it\/wp-content\/uploads\/2017\/07\/IMG_2209-1024x768.jpg\" rel=\"attachment wp-att-15505\"><img class=\"  wp-image-15505 alignleft\" src=\"https:\/\/www.edilmultiservices.it\/wp-content\/uploads\/2017\/07\/IMG_2209-1024x768.jpg\" alt=\"IMG_2209\" width=\"326\" height=\"244\" \/><\/a>Gi\u00e0 le popolazioni pi\u00f9 antiche, come i Babilonesi, i Caldei e gli Egizi, conoscevano bene l\u2019arte del gesso, la quale neppure si perse successivamente nel corso della storia, tanto da raggiungere il suo culmine durante il periodo Barocco e Rococ\u00f2.\r\nOggi il gesso \u00e8 ampiamente utilizzato sia per realizzazioni decorative cui il materiale ottimamente si presta, sia in qualit\u00e0 di intonaco, di legante, di blocco monolitico da costruzione<\/p>\r\n<p style=\"text-align: justify;\">Molteplici possono essere le soluzioni in cui questo materiale trova impiego.\r\nI suoi pregi sono numerosi: le pareti realizzate possono essere rimosse in futuro o spostate agevolmente; \u00e8 facile far passare cavi per l'illuminazione, installare prese elettriche e faretti; non produce macerie e polveri e una volta eretta la struttura \u00e8 in grado supportare mensole e ripiani come una normale parete.\r\nIl desiderio di cambiare l'aspetto della nostra casa, del nostro appartamento o del nostro negozio, pu\u00f2 spingerci ad immaginare la creazione di nuove pareti all'interno dei nostri ambienti. Ricavare una cabina armadio in una stanza da letto molto grande; separare meglio un ingresso dalla zona living; creare un antibagno con una piccola lavanderia. Il cartongesso pu\u00f2 rappresentare la soluzione ideale e pu\u00f2 sostituisce in modo efficace il tradizionale mattone. Il cartongesso \u00e8 un materiale da costruzione formato da uno strato di gesso racchiuso tra due fogli di cartone. Si presenta sotto forma di lastre larghe 120 cm, lunghe da 200 a 300 cm, e con spessori variabili da 6 a 18 mm. Il cartongesso ha bisogno di una struttura su cui essere fissato. Una parete in cartongesso \u00e8 realizzata con un sistema di costruzione a secco, senza l'utilizzo di malte o cementi, ma solo di semplici viti e tasselli. \u00c8 costituita da una struttura metallica, fissata al pavimento, al soffitto e a una o pi\u00f9 pareti, da un'intercapedine che pu\u00f2 essere riempita di materiale isolante, e da due lastre esterne di gesso rivestito.<\/p>\r\n[gallery link=\"file\" columns=\"4\" ids=\"15509,15506,15507,15508\"][:en]<p class=\"alignleft\" style=\"text-align: justify;\"><a href=\"https:\/\/www.edilmultiservices.it\/wp-content\/uploads\/2017\/07\/bagno-768x1024.jpg\" rel=\"attachment wp-att-15438\"><img class=\"  wp-image-15438 alignleft\" src=\"https:\/\/www.edilmultiservices.it\/wp-content\/uploads\/2017\/07\/bagno-768x1024.jpg\" alt=\"bagno\" width=\"320\" \/><\/a><\/p>\r\n\r\n<h1 style=\"text-align: justify;\"><strong>Ristrutturazione bagno<\/strong><\/h1>\r\n<p style=\"text-align: justify;\">Un intervento ben eseguito e a norma \u00e8 quello che rispetta tutte le regole previste, tra opere in muratura e impianti, con mano d\u2019opera specializzata e abilitata. Ed \u00e8 anche l\u2019unico modo per non rischiare di dover rifare tutto da capo o, addirittura, di dover bloccare i lavori.Ristrutturare il bagno a volte \u00e8 un problema. Che si tratti di un bagno piccolo o grande, tra costi e lavori di ristrutturazione lunghi e invasivi, rifare il bagno \u00e8 uno di quei desideri che non diventano mai realt\u00e0. Oppure si sceglie di effettuare\u00a0alcuni piccoli interventi di\u00a0manutenzione ordinaria, come la sostituzione della rubinetteria e dei sanitari o per una\u00a0ristrutturazione fai da te, con tutti i rischi e i limiti connessi.<\/p>\r\n<p style=\"text-align: justify;\">Ristrutturare il bagno crea, per ovvie ragioni, non pochi problemi e disagi in casa. Tuttavia, una volta ultimati i lavori, vi renderete conto che ne sar\u00e0, indubbiamente, valsa la pena. D'altro canto, dare una svecchiata al luogo in cui i membri della famiglia si prendono cura di s\u00e9 \u00e8 a volte praticamente obbligatorio: quando arriva l'ora di farlo, non ci si pu\u00f2 proprio sottrarre.\r\nImpianti, rivestimenti e tubature, prima o poi, hanno pur bisogno di un po' di manutenzione.\r\nDiventa tutto pi\u00f9 piacevole, per\u00f2, se si approfitta di eventuali riparazioni e restyling tecnici per trasformare completamente l'ambiente.\r\nPensateci: nel momento in cui si \u00e8 costretti a smontare tutto, tanto vale cambiare in toto lo stile del bagno, anzich\u00e9 limitarsi, semplicemente, a provvedere a una necessaria ristrutturazione. Quindi, non tutti i mali vengono per nuocere.\r\nI disagi vanno messi in conto, dicevamo. Sia durante i lavori, che prima. Nel caso in cui, tanto per fare un esempio, abbiate deciso di allargare le dimensioni del bagno e di spostare, di conseguenza, i muri, sarete costretti a comunicarlo al vostro municipio di competenza attraverso la cosiddetta pratica Dia.\r\nTale pratica, essenziale per\u00a0attestare che i lavori sono imminenti, dev'essere presentata in Comune non oltre 30 giorni prima della data di inizio della ristrutturazione.\r\nUna volta assolti gli oneri burocratici e ricevuto il lasciapassare da un tecnico del municipio, non vi resta che dedicarvi al lavoro \"sporco\": svuotare il bagno e preparare il campo agli operai che avranno, poi, il compito di smantellare sanitari, pavimenti e quant'altro.<\/p>\r\n<p style=\"text-align: justify;\">Se avete voglia di rivoluzionare totalmente il vostro bagno, \u00e8 importante che decidiate quali nuovi elementi e sanitari acquistare prima ancora che i lavori di ristrutturazione abbiano ufficialmente inizio. <a href=\"https:\/\/www.edilmultiservices.it\/wp-content\/uploads\/2017\/07\/IMG_6340-300x225.jpg\" rel=\"attachment wp-att-15440\"><img class=\" size-medium wp-image-15440 alignright\" src=\"https:\/\/www.edilmultiservices.it\/wp-content\/uploads\/2017\/07\/IMG_6340-300x225.jpg\" alt=\"IMG_6340\" width=\"300\" height=\"225\" \/><\/a>La tempistica, in situazioni del genere, \u00e8 fondamentale, affinch\u00e9 gli operai siano informati per tempo, di quelle che saranno le vostre nuove esigenze: se lo spazio subir\u00e0 particolari modifiche, \u00e8 bene che lo sappiano. Quindi, divertitevi pure a cambiare lo stile del vostro vecchio bagno, ma state bene attenti: non esagerate, prendete bene le misure e assicuratevi che i nuovi sanitari si collochino bene nell\u2019ambiente in cui saranno posizionati.\r\nE se avete spazio a sufficienza, ricordatevi di dare un\u2019occhiata a quelle soluzioni che prevedono, al contempo, vasca e doccia insieme: cos\u00ec, potrete godere dei benefici di entrambe, senza rinunce!\r\nPer ristrutturare un bagno, una delle cose fondamentali che permette di ottenere un effetto originale e piacevole \u00e8 certamente il tipo di rivestimento che si sceglie. Le soluzioni disponibile per ottenere un buon risultato sono molteplici e in grado di rispondere sia alle esigenze di chi preferisce un arredo classico che di chi apprezza ambienti moderni e contemporanei.\r\nPer chi cerca un'alternativa alle solite piastrelle, la soluzione pu\u00f2 essere quella di utilizzare la resina, materiale che permette di avere superfici continue, senza fughe e che possono rivestire sia il pavimento che le pareti, con un risultato estetico molto apprezzabile.<\/p>\r\n\r\n<h4 style=\"text-align: justify;\"><strong><a href=\"https:\/\/www.edilmultiservices.it\/wp-content\/uploads\/2017\/07\/IMG_1090-768x1024.jpg\" rel=\"attachment wp-att-15439\"><img class=\"alignnone size-large wp-image-15439 alignleft\" src=\"https:\/\/www.edilmultiservices.it\/wp-content\/uploads\/2017\/07\/IMG_1090-768x1024.jpg\" alt=\"IMG_1090\" width=\"300\" \/><\/a>Sgravi fiscali per la ristrutturazione bagni<\/strong><\/h4>\r\nE\u2019 possibile ottenere degli sgravi fiscali per la ristrutturazione del proprio bagno? Grazie alla Legge 90 del 2013 s\u00ec.\r\nNello specifico tuttavia la legge in questione non permette di ottenere agevolazioni per ogni genere di lavoro. La semplice sostituzione delle mattonelle, ad esempio, viene riconosciuta come manutenzione ordinaria e quindi non beneficiaria.\r\nQuando invece si parla di sanitari destinati ai disabili si pu\u00f2 utilizzare il terzo comma dell\u2019articolo 3 della Legge 104 del 1992 perch\u00e9 l\u2019eliminazione delle barriere architettoniche prevedono appunto delle detrazioni fiscali.\r\nUn discorso simile pu\u00f2 essere fatto quando all\u2019interno della propria casa si ha la necessit\u00e0 di realizzare un nuovo servizio igienico. In questo caso il bagno deve essere realizzato all\u2019interno del volume originario dell\u2019edificio.\r\n<p style=\"text-align: justify;\">Per ottenere delle informazioni pi\u00f9 dettagliate basta collegarsi al sito web dell\u2019Agenzia dell\u2019Entrate. Differentemente, invece, potete contattarci. In questo modo un esperto del settore vi guider\u00e0 nell\u2019allestire il vostro fascicolo.<\/p>\r\n<p style=\"text-align: justify;\">Il primo passo riguarda il tipo di destinazione d\u2019uso che sar\u00e0 dato all\u2019immobile, successivamente insieme al cliente sar\u00e0 strutturato il progetto specificando al dettaglio quali saranno i lavori che gli operai della ditta edile eseguir\u00e0 in loco. Solo dopo aver completato queste due fasi importantissime, insieme all\u2019azienda si pu\u00f2 procedere con un esame accurato delle leggi che permettono di usufruire degli sgravi fiscali e anche dei bonus mobili, che permetteranno di dimezzare i costi del 50% in caso di spesa pari ad almeno diecimila euro.<\/p>[:ru]<p class=\"alignleft\" style=\"text-align: justify;\"><a href=\"https:\/\/www.edilmultiservices.it\/wp-content\/uploads\/2017\/07\/bagno-768x1024.jpg\" rel=\"attachment wp-att-15438\"><img class=\"  wp-image-15438 alignleft\" src=\"https:\/\/www.edilmultiservices.it\/wp-content\/uploads\/2017\/07\/bagno-768x1024.jpg\" alt=\"bagno\" width=\"320\" \/><\/a><\/p>\r\n\r\n<h1 style=\"text-align: justify;\"><strong>Ristrutturazione bagno<\/strong><\/h1>\r\n<p style=\"text-align: justify;\">Un intervento ben eseguito e a norma \u00e8 quello che rispetta tutte le regole previste, tra opere in muratura e impianti, con mano d\u2019opera specializzata e abilitata. Ed \u00e8 anche l\u2019unico modo per non rischiare di dover rifare tutto da capo o, addirittura, di dover bloccare i lavori.Ristrutturare il bagno a volte \u00e8 un problema. Che si tratti di un bagno piccolo o grande, tra costi e lavori di ristrutturazione lunghi e invasivi, rifare il bagno \u00e8 uno di quei desideri che non diventano mai realt\u00e0. Oppure si sceglie di effettuare\u00a0alcuni piccoli interventi di\u00a0manutenzione ordinaria, come la sostituzione della rubinetteria e dei sanitari o per una\u00a0ristrutturazione fai da te, con tutti i rischi e i limiti connessi.<\/p>\r\n<p style=\"text-align: justify;\">Ristrutturare il bagno crea, per ovvie ragioni, non pochi problemi e disagi in casa. Tuttavia, una volta ultimati i lavori, vi renderete conto che ne sar\u00e0, indubbiamente, valsa la pena. D'altro canto, dare una svecchiata al luogo in cui i membri della famiglia si prendono cura di s\u00e9 \u00e8 a volte praticamente obbligatorio: quando arriva l'ora di farlo, non ci si pu\u00f2 proprio sottrarre.\r\nImpianti, rivestimenti e tubature, prima o poi, hanno pur bisogno di un po' di manutenzione.\r\nDiventa tutto pi\u00f9 piacevole, per\u00f2, se si approfitta di eventuali riparazioni e restyling tecnici per trasformare completamente l'ambiente.\r\nPensateci: nel momento in cui si \u00e8 costretti a smontare tutto, tanto vale cambiare in toto lo stile del bagno, anzich\u00e9 limitarsi, semplicemente, a provvedere a una necessaria ristrutturazione. Quindi, non tutti i mali vengono per nuocere.\r\nI disagi vanno messi in conto, dicevamo. Sia durante i lavori, che prima. Nel caso in cui, tanto per fare un esempio, abbiate deciso di allargare le dimensioni del bagno e di spostare, di conseguenza, i muri, sarete costretti a comunicarlo al vostro municipio di competenza attraverso la cosiddetta pratica Dia.\r\nTale pratica, essenziale per\u00a0attestare che i lavori sono imminenti, dev'essere presentata in Comune non oltre 30 giorni prima della data di inizio della ristrutturazione.\r\nUna volta assolti gli oneri burocratici e ricevuto il lasciapassare da un tecnico del municipio, non vi resta che dedicarvi al lavoro \"sporco\": svuotare il bagno e preparare il campo agli operai che avranno, poi, il compito di smantellare sanitari, pavimenti e quant'altro.<\/p>\r\n<p style=\"text-align: justify;\">Se avete voglia di rivoluzionare totalmente il vostro bagno, \u00e8 importante che decidiate quali nuovi elementi e sanitari acquistare prima ancora che i lavori di ristrutturazione abbiano ufficialmente inizio. <a href=\"https:\/\/www.edilmultiservices.it\/wp-content\/uploads\/2017\/07\/IMG_6340-300x225.jpg\" rel=\"attachment wp-att-15440\"><img class=\" size-medium wp-image-15440 alignright\" src=\"https:\/\/www.edilmultiservices.it\/wp-content\/uploads\/2017\/07\/IMG_6340-300x225.jpg\" alt=\"IMG_6340\" width=\"300\" height=\"225\" \/><\/a>La tempistica, in situazioni del genere, \u00e8 fondamentale, affinch\u00e9 gli operai siano informati per tempo, di quelle che saranno le vostre nuove esigenze: se lo spazio subir\u00e0 particolari modifiche, \u00e8 bene che lo sappiano. Quindi, divertitevi pure a cambiare lo stile del vostro vecchio bagno, ma state bene attenti: non esagerate, prendete bene le misure e assicuratevi che i nuovi sanitari si collochino bene nell\u2019ambiente in cui saranno posizionati.\r\nE se avete spazio a sufficienza, ricordatevi di dare un\u2019occhiata a quelle soluzioni che prevedono, al contempo, vasca e doccia insieme: cos\u00ec, potrete godere dei benefici di entrambe, senza rinunce!\r\nPer ristrutturare un bagno, una delle cose fondamentali che permette di ottenere un effetto originale e piacevole \u00e8 certamente il tipo di rivestimento che si sceglie. Le soluzioni disponibile per ottenere un buon risultato sono molteplici e in grado di rispondere sia alle esigenze di chi preferisce un arredo classico che di chi apprezza ambienti moderni e contemporanei.\r\nPer chi cerca un'alternativa alle solite piastrelle, la soluzione pu\u00f2 essere quella di utilizzare la resina, materiale che permette di avere superfici continue, senza fughe e che possono rivestire sia il pavimento che le pareti, con un risultato estetico molto apprezzabile.<\/p>\r\n\r\n<h4 style=\"text-align: justify;\"><strong><a href=\"https:\/\/www.edilmultiservices.it\/wp-content\/uploads\/2017\/07\/IMG_1090-768x1024.jpg\" rel=\"attachment wp-att-15439\"><img class=\"alignnone size-large wp-image-15439 alignleft\" src=\"https:\/\/www.edilmultiservices.it\/wp-content\/uploads\/2017\/07\/IMG_1090-768x1024.jpg\" alt=\"IMG_1090\" width=\"300\" \/><\/a>Sgravi fiscali per la ristrutturazione bagni<\/strong><\/h4>\r\nE\u2019 possibile ottenere degli sgravi fiscali per la ristrutturazione del proprio bagno? Grazie alla Legge 90 del 2013 s\u00ec.\r\nNello specifico tuttavia la legge in questione non permette di ottenere agevolazioni per ogni genere di lavoro. La semplice sostituzione delle mattonelle, ad esempio, viene riconosciuta come manutenzione ordinaria e quindi non beneficiaria.\r\nQuando invece si parla di sanitari destinati ai disabili si pu\u00f2 utilizzare il terzo comma dell\u2019articolo 3 della Legge 104 del 1992 perch\u00e9 l\u2019eliminazione delle barriere architettoniche prevedono appunto delle detrazioni fiscali.\r\nUn discorso simile pu\u00f2 essere fatto quando all\u2019interno della propria casa si ha la necessit\u00e0 di realizzare un nuovo servizio igienico. In questo caso il bagno deve essere realizzato all\u2019interno del volume originario dell\u2019edificio.\r\n<p style=\"text-align: justify;\">Per ottenere delle informazioni pi\u00f9 dettagliate basta collegarsi al sito web dell\u2019Agenzia dell\u2019Entrate. Differentemente, invece, potete contattarci. In questo modo un esperto del settore vi guider\u00e0 nell\u2019allestire il vostro fascicolo.<\/p>\r\n<p style=\"text-align: justify;\">Il primo passo riguarda il tipo di destinazione d\u2019uso che sar\u00e0 dato all\u2019immobile, successivamente insieme al cliente sar\u00e0 strutturato il progetto specificando al dettaglio quali saranno i lavori che gli operai della ditta edile eseguir\u00e0 in loco. Solo dopo aver completato queste due fasi importantissime, insieme all\u2019azienda si pu\u00f2 procedere con un esame accurato delle leggi che permettono di usufruire degli sgravi fiscali e anche dei bonus mobili, che permetteranno di dimezzare i costi del 50% in caso di spesa pari ad almeno diecimila euro.<\/p>[:]","_et_gb_content_width":"","footnotes":""},"class_list":["post-49334","page","type-page","status-publish","hentry"],"_links":{"self":[{"href":"https:\/\/www.edilmultiservices.it\/en\/wp-json\/wp\/v2\/pages\/49334","targetHints":{"allow":["GET"]}}],"collection":[{"href":"https:\/\/www.edilmultiservices.it\/en\/wp-json\/wp\/v2\/pages"}],"about":[{"href":"https:\/\/www.edilmultiservices.it\/en\/wp-json\/wp\/v2\/types\/page"}],"author":[{"embeddable":true,"href":"https:\/\/www.edilmultiservices.it\/en\/wp-json\/wp\/v2\/users\/1"}],"replies":[{"embeddable":true,"href":"https:\/\/www.edilmultiservices.it\/en\/wp-json\/wp\/v2\/comments?post=49334"}],"version-history":[{"count":2,"href":"https:\/\/www.edilmultiservices.it\/en\/wp-json\/wp\/v2\/pages\/49334\/revisions"}],"predecessor-version":[{"id":49466,"href":"https:\/\/www.edilmultiservices.it\/en\/wp-json\/wp\/v2\/pages\/49334\/revisions\/49466"}],"wp:attachment":[{"href":"https:\/\/www.edilmultiservices.it\/en\/wp-json\/wp\/v2\/media?parent=49334"}],"curies":[{"name":"wp","href":"https:\/\/api.w.org\/{rel}","templated":true}]}}