{"id":49342,"date":"2017-07-02T14:39:30","date_gmt":"2017-07-02T12:39:30","guid":{"rendered":"https:\/\/www.edilmultiservices.it\/ristrutturazione-bagno\/"},"modified":"2023-06-29T23:20:08","modified_gmt":"2023-06-29T21:20:08","slug":"bathroom-renovation","status":"publish","type":"page","link":"https:\/\/www.edilmultiservices.it\/en\/bathroom-renovation\/","title":{"rendered":"Bathroom renovation"},"content":{"rendered":"<p>[et_pb_section fb_built=&#8221;1&#8243; admin_label=&#8221;Header&#8221; _builder_version=&#8221;4.19.2&#8243; _module_preset=&#8221;default&#8221; overflow-x=&#8221;hidden&#8221; overflow-y=&#8221;hidden&#8221; custom_padding=&#8221;0px||0px||true|false&#8221; collapsed=&#8221;on&#8221; global_colors_info=&#8221;{}&#8221;][et_pb_row column_structure=&#8221;1_2,1_2&#8243; _builder_version=&#8221;4.19.2&#8243; _module_preset=&#8221;default&#8221; custom_padding=&#8221;0px||||false|false&#8221; global_colors_info=&#8221;{}&#8221;][et_pb_column type=&#8221;1_2&#8243; _builder_version=&#8221;4.19.2&#8243; _module_preset=&#8221;default&#8221; custom_padding=&#8221;8vw||||false|false&#8221; custom_padding_tablet=&#8221;||||false|false&#8221; custom_padding_phone=&#8221;0vw||||false|false&#8221; custom_padding_last_edited=&#8221;off|desktop&#8221; global_colors_info=&#8221;{}&#8221;][et_pb_post_title meta=&#8221;off&#8221; featured_image=&#8221;off&#8221; _builder_version=&#8221;4.21.0&#8243; _module_preset=&#8221;default&#8221; title_font_size=&#8221;37px&#8221; global_colors_info=&#8221;{}&#8221;][\/et_pb_post_title][et_pb_text _builder_version=&#8221;4.21.0&#8243; _module_preset=&#8221;7519d7dd-a5ff-44b6-9b8f-2ffa0d0d61f4&#8243; text_text_color=&#8221;#FFFFFF&#8221; background_color=&#8221;#7F7F7F&#8221; custom_padding=&#8221;40px|40px|40px|40px|true|true&#8221; custom_padding_tablet=&#8221;30px|30px|30px|30px|true|true&#8221; custom_padding_phone=&#8221;20px|20px|20px|20px|true|true&#8221; custom_padding_last_edited=&#8221;on|desktop&#8221; hover_enabled=&#8221;0&#8243; global_colors_info=&#8221;{}&#8221; sticky_enabled=&#8221;0&#8243;]<\/p>\n<p>A well-executed and compliant intervention is one that respects all the rules envisaged, including masonry works and systems, with a specialized and qualified workforce. And it&#8217;s also the only way not to risk having to do it all over again or even having to stop the work. Renovating the bathroom is sometimes a problem.<br \/>Whether it&#8217;s a small or large bathroom, between costs and long and invasive renovation works, redoing the bathroom is one of those wishes that never come true. Or you choose to carry out some small routine maintenance interventions, such as replacing taps and sanitary ware or for a do-it-yourself renovation, with all the risks and limitations involved.<\/p>\n<p>[\/et_pb_text][\/et_pb_column][et_pb_column type=&#8221;1_2&#8243; _builder_version=&#8221;4.19.2&#8243; _module_preset=&#8221;default&#8221; global_colors_info=&#8221;{}&#8221;][et_pb_image src=&#8221;https:\/\/www.edilmultiservices.it\/wp-content\/uploads\/2023\/06\/bagno.jpg&#8221; title_text=&#8221;bagno&#8221; _builder_version=&#8221;4.21.0&#8243; _module_preset=&#8221;default&#8221; custom_margin=&#8221;|-30vw|0px||false|false&#8221; custom_margin_tablet=&#8221;|0vw|0px||false|false&#8221; custom_margin_phone=&#8221;|0vw|0px||false|false&#8221; custom_margin_last_edited=&#8221;on|tablet&#8221; global_colors_info=&#8221;{}&#8221;][\/et_pb_image][et_pb_image src=&#8221;https:\/\/www.edilmultiservices.it\/wp-content\/uploads\/2023\/06\/civil-engineering-19.png&#8221; title_text=&#8221;civil-engineering-19&#8243; _builder_version=&#8221;4.19.2&#8243; _module_preset=&#8221;default&#8221; width=&#8221;77%&#8221; custom_margin=&#8221;-49%||||false|false&#8221; global_colors_info=&#8221;{}&#8221;][\/et_pb_image][\/et_pb_column][\/et_pb_row][\/et_pb_section][et_pb_section fb_built=&#8221;1&#8243; admin_label=&#8221;About&#8221; _builder_version=&#8221;4.19.2&#8243; _module_preset=&#8221;default&#8221; custom_padding=&#8221;30px||90px||false|false&#8221; collapsed=&#8221;on&#8221; global_colors_info=&#8221;{}&#8221;][et_pb_row _builder_version=&#8221;4.19.2&#8243; _module_preset=&#8221;default&#8221; global_colors_info=&#8221;{}&#8221;][et_pb_column type=&#8221;4_4&#8243; _builder_version=&#8221;4.19.2&#8243; _module_preset=&#8221;default&#8221; global_colors_info=&#8221;{}&#8221;][et_pb_text _builder_version=&#8221;4.21.0&#8243; _module_preset=&#8221;7519d7dd-a5ff-44b6-9b8f-2ffa0d0d61f4&#8243; hover_enabled=&#8221;0&#8243; global_colors_info=&#8221;{}&#8221; sticky_enabled=&#8221;0&#8243;]<\/p>\n<p style=\"text-align: justify;\">Renovating the bathroom creates, for obvious reasons, many problems and inconveniences at home. However, once the work is completed, you will realize that it will undoubtedly be worth it. On the other hand, giving a makeover to the place where family members take care of themselves is sometimes practically mandatory: when the time comes to do it, you just can&#8217;t escape it.<br \/>Plants, coatings and pipes, sooner or later, also need a little maintenance.<br \/>Everything becomes more pleasant, however, if you take advantage of any repairs and technical restyling to completely transform the environment.<br \/>Think about it: when you are forced to disassemble everything, you might as well change the style of the bathroom completely, rather than simply limiting yourself to a necessary renovation. So, not all evils have a silver lining.<br \/>The inconveniences must be taken into account, we said. Both during the works and before. In the event that, just to give an example, you have decided to enlarge the size of the bathroom and consequently move the walls, you will be forced to communicate this to your competent town hall through the so-called Dia procedure.<br \/>This practice, essential for certifying that the works are imminent, must be presented to the Municipality no later than 30 days before the start date of the renovation.<br \/>Once the bureaucratic burdens have been fulfilled and you have received the pass from a town hall technician, all you have to do is dedicate yourself to the &#8220;dirty&#8221; work: empty the bathroom and prepare the field for the workers who will then have the task of dismantling sanitary ware, floors and other &#8216;other.<\/p>\n<p>[\/et_pb_text][\/et_pb_column][\/et_pb_row][et_pb_row column_structure=&#8221;1_3,1_3,1_3&#8243; _builder_version=&#8221;4.21.0&#8243; _module_preset=&#8221;default&#8221; global_colors_info=&#8221;{}&#8221;][et_pb_column type=&#8221;1_3&#8243; _builder_version=&#8221;4.21.0&#8243; _module_preset=&#8221;default&#8221; global_colors_info=&#8221;{}&#8221;][et_pb_image src=&#8221;https:\/\/www.edilmultiservices.it\/wp-content\/uploads\/2023\/06\/IMG_1090.jpg&#8221; title_text=&#8221;IMG_1090&#8243; _builder_version=&#8221;4.21.0&#8243; _module_preset=&#8221;default&#8221; global_colors_info=&#8221;{}&#8221;][\/et_pb_image][\/et_pb_column][et_pb_column type=&#8221;1_3&#8243; _builder_version=&#8221;4.21.0&#8243; _module_preset=&#8221;default&#8221; global_colors_info=&#8221;{}&#8221;][et_pb_image src=&#8221;https:\/\/www.edilmultiservices.it\/wp-content\/uploads\/2023\/06\/Immagine-WhatsApp-2023-06-21-ore-09.53.49.jpg&#8221; title_text=&#8221;Immagine WhatsApp 2023-06-21 ore 09.53.49&#8243; _builder_version=&#8221;4.21.0&#8243; _module_preset=&#8221;default&#8221; global_colors_info=&#8221;{}&#8221;][\/et_pb_image][\/et_pb_column][et_pb_column type=&#8221;1_3&#8243; _builder_version=&#8221;4.21.0&#8243; _module_preset=&#8221;default&#8221; global_colors_info=&#8221;{}&#8221;][et_pb_image src=&#8221;https:\/\/www.edilmultiservices.it\/wp-content\/uploads\/2023\/06\/IMG_6340-1.jpg&#8221; title_text=&#8221;IMG_6340&#8243; _builder_version=&#8221;4.21.0&#8243; _module_preset=&#8221;default&#8221; global_colors_info=&#8221;{}&#8221;][\/et_pb_image][\/et_pb_column][\/et_pb_row][et_pb_row column_structure=&#8221;1_2,1_2&#8243; _builder_version=&#8221;4.19.2&#8243; _module_preset=&#8221;default&#8221; global_colors_info=&#8221;{}&#8221;][et_pb_column type=&#8221;1_2&#8243; _builder_version=&#8221;4.19.2&#8243; _module_preset=&#8221;default&#8221; global_colors_info=&#8221;{}&#8221;][et_pb_text _builder_version=&#8221;4.21.0&#8243; _module_preset=&#8221;7519d7dd-a5ff-44b6-9b8f-2ffa0d0d61f4&#8243; hover_enabled=&#8221;0&#8243; global_colors_info=&#8221;{}&#8221; sticky_enabled=&#8221;0&#8243;]<\/p>\n<p style=\"text-align: justify;\">If you want to totally revolutionize your bathroom, it is important that you decide which new elements and sanitary ware to buy before the renovation works have even officially begun. The timing, in situations of this kind, is essential, so that the workers are informed in time of what your new needs will be: if the space will undergo particular changes, it is good that they know it. So, have fun changing the style of your old bathroom, but be very careful: don&#8217;t overdo it, take the measurements well and make sure that the new sanitary ware fits well into the environment in which they will be positioned.<br \/>And if you have enough space, remember to take a look at those solutions that include a bath and shower at the same time: this way, you can enjoy the benefits of both, without giving up!<br \/>To renovate a bathroom, one of the fundamental things that allows you to obtain an original and pleasant effect is certainly the type of coating you choose. The solutions available to obtain a good result are many and able to meet both the needs of those who prefer classic furnishings and those who appreciate modern and contemporary environments.<\/p>\n<p>[\/et_pb_text][\/et_pb_column][et_pb_column type=&#8221;1_2&#8243; _builder_version=&#8221;4.19.2&#8243; _module_preset=&#8221;default&#8221; global_colors_info=&#8221;{}&#8221;][dvppl_cf7_styler cf7=&#8221;49452&#8243; _builder_version=&#8221;4.21.0&#8243; _module_preset=&#8221;default&#8221; hover_enabled=&#8221;0&#8243; global_colors_info=&#8221;{}&#8221; sticky_enabled=&#8221;0&#8243;][\/dvppl_cf7_styler][\/et_pb_column][\/et_pb_row][et_pb_row _builder_version=&#8221;4.19.2&#8243; _module_preset=&#8221;default&#8221; global_colors_info=&#8221;{}&#8221;][et_pb_column type=&#8221;4_4&#8243; _builder_version=&#8221;4.19.2&#8243; _module_preset=&#8221;default&#8221; global_colors_info=&#8221;{}&#8221;][et_pb_text _builder_version=&#8221;4.21.0&#8243; _module_preset=&#8221;7519d7dd-a5ff-44b6-9b8f-2ffa0d0d61f4&#8243; hover_enabled=&#8221;0&#8243; global_colors_info=&#8221;{}&#8221; sticky_enabled=&#8221;0&#8243;]<\/p>\n<p><strong>Tax relief for bathroom renovations<\/strong><\/p>\n<p>Is it possible to obtain tax relief for the renovation of your bathroom? Thanks to Law 90 of 2013 yes.<br \/>Specifically, however, the law in question does not allow for concessions to be obtained for all kinds of work. The simple replacement of tiles, for example, is recognized as ordinary maintenance and therefore not eligible.<br \/>On the other hand, when we talk about sanitary ware intended for the disabled, the third paragraph of article 3 of Law 104 of 1992 can be used because the elimination of architectural barriers provides for tax deductions.<br \/>A similar argument can be made when inside your home you need to build a new toilet. In this case the bathroom must be built within the original volume of the building.<\/p>\n<p>To obtain more detailed information, just connect to the website of the Revenue Agency. Otherwise, however, you can contact us. In this way, an expert in the sector will guide you in preparing your file.<\/p>\n<p>The first step concerns the type of intended use that will be given to the property, subsequently the project will be structured together with the customer, specifying in detail what the construction company workers will perform on site. Only after having completed these two very important phases, together with the company can we proceed with an accurate examination of the laws that allow us to take advantage of the tax relief and also of the mobile bonuses, which will allow us to halve the costs by 50% in the case of expenditure equal to at least ten thousand euros<br \/>\u200b<\/p>\n<p>[\/et_pb_text][\/et_pb_column][\/et_pb_row][\/et_pb_section]<\/p>\n","protected":false},"excerpt":{"rendered":"<p>A well-executed and compliant intervention is one that respects all the rules envisaged, including masonry works and systems, with a specialized and qualified workforce. And it&#8217;s also the only way not to risk having to do it all over again or even having to stop the work. Renovating the bathroom is sometimes a problem.Whether it&#8217;s [&hellip;]<\/p>\n","protected":false},"author":1,"featured_media":0,"parent":0,"menu_order":0,"comment_status":"closed","ping_status":"closed","template":"","meta":{"_et_pb_use_builder":"on","_et_pb_old_content":"<p class=\"alignleft\" style=\"text-align: justify;\"><a href=\"https:\/\/www.edilmultiservices.it\/wp-content\/uploads\/2017\/07\/bagno-768x1024.jpg\" rel=\"attachment wp-att-15438\"><img class=\"  wp-image-15438 alignleft\" src=\"https:\/\/www.edilmultiservices.it\/wp-content\/uploads\/2017\/07\/bagno-768x1024.jpg\" alt=\"bagno\" width=\"320\" \/><\/a><\/p>\r\n\r\n<h1 style=\"text-align: justify;\"><strong>Ristrutturazione bagno<\/strong><\/h1>\r\n<p style=\"text-align: justify;\">Un intervento ben eseguito e a norma \u00e8 quello che rispetta tutte le regole previste, tra opere in muratura e impianti, con mano d\u2019opera specializzata e abilitata. Ed \u00e8 anche l\u2019unico modo per non rischiare di dover rifare tutto da capo o, addirittura, di dover bloccare i lavori.Ristrutturare il bagno a volte \u00e8 un problema. Che si tratti di un bagno piccolo o grande, tra costi e lavori di ristrutturazione lunghi e invasivi, rifare il bagno \u00e8 uno di quei desideri che non diventano mai realt\u00e0. Oppure si sceglie di effettuare\u00a0alcuni piccoli interventi di\u00a0manutenzione ordinaria, come la sostituzione della rubinetteria e dei sanitari o per una\u00a0ristrutturazione fai da te, con tutti i rischi e i limiti connessi.<\/p>\r\n<p style=\"text-align: justify;\">Ristrutturare il bagno crea, per ovvie ragioni, non pochi problemi e disagi in casa. Tuttavia, una volta ultimati i lavori, vi renderete conto che ne sar\u00e0, indubbiamente, valsa la pena. D'altro canto, dare una svecchiata al luogo in cui i membri della famiglia si prendono cura di s\u00e9 \u00e8 a volte praticamente obbligatorio: quando arriva l'ora di farlo, non ci si pu\u00f2 proprio sottrarre.\r\nImpianti, rivestimenti e tubature, prima o poi, hanno pur bisogno di un po' di manutenzione.\r\nDiventa tutto pi\u00f9 piacevole, per\u00f2, se si approfitta di eventuali riparazioni e restyling tecnici per trasformare completamente l'ambiente.\r\nPensateci: nel momento in cui si \u00e8 costretti a smontare tutto, tanto vale cambiare in toto lo stile del bagno, anzich\u00e9 limitarsi, semplicemente, a provvedere a una necessaria ristrutturazione. Quindi, non tutti i mali vengono per nuocere.\r\nI disagi vanno messi in conto, dicevamo. Sia durante i lavori, che prima. Nel caso in cui, tanto per fare un esempio, abbiate deciso di allargare le dimensioni del bagno e di spostare, di conseguenza, i muri, sarete costretti a comunicarlo al vostro municipio di competenza attraverso la cosiddetta pratica Dia.\r\nTale pratica, essenziale per\u00a0attestare che i lavori sono imminenti, dev'essere presentata in Comune non oltre 30 giorni prima della data di inizio della ristrutturazione.\r\nUna volta assolti gli oneri burocratici e ricevuto il lasciapassare da un tecnico del municipio, non vi resta che dedicarvi al lavoro \"sporco\": svuotare il bagno e preparare il campo agli operai che avranno, poi, il compito di smantellare sanitari, pavimenti e quant'altro.<\/p>\r\n<p style=\"text-align: justify;\">Se avete voglia di rivoluzionare totalmente il vostro bagno, \u00e8 importante che decidiate quali nuovi elementi e sanitari acquistare prima ancora che i lavori di ristrutturazione abbiano ufficialmente inizio. <a href=\"https:\/\/www.edilmultiservices.it\/wp-content\/uploads\/2017\/07\/IMG_6340-300x225.jpg\" rel=\"attachment wp-att-15440\"><img class=\" size-medium wp-image-15440 alignright\" src=\"https:\/\/www.edilmultiservices.it\/wp-content\/uploads\/2017\/07\/IMG_6340-300x225.jpg\" alt=\"IMG_6340\" width=\"300\" height=\"225\" \/><\/a>La tempistica, in situazioni del genere, \u00e8 fondamentale, affinch\u00e9 gli operai siano informati per tempo, di quelle che saranno le vostre nuove esigenze: se lo spazio subir\u00e0 particolari modifiche, \u00e8 bene che lo sappiano. Quindi, divertitevi pure a cambiare lo stile del vostro vecchio bagno, ma state bene attenti: non esagerate, prendete bene le misure e assicuratevi che i nuovi sanitari si collochino bene nell\u2019ambiente in cui saranno posizionati.\r\nE se avete spazio a sufficienza, ricordatevi di dare un\u2019occhiata a quelle soluzioni che prevedono, al contempo, vasca e doccia insieme: cos\u00ec, potrete godere dei benefici di entrambe, senza rinunce!\r\nPer ristrutturare un bagno, una delle cose fondamentali che permette di ottenere un effetto originale e piacevole \u00e8 certamente il tipo di rivestimento che si sceglie. Le soluzioni disponibile per ottenere un buon risultato sono molteplici e in grado di rispondere sia alle esigenze di chi preferisce un arredo classico che di chi apprezza ambienti moderni e contemporanei.\r\nPer chi cerca un'alternativa alle solite piastrelle, la soluzione pu\u00f2 essere quella di utilizzare la resina, materiale che permette di avere superfici continue, senza fughe e che possono rivestire sia il pavimento che le pareti, con un risultato estetico molto apprezzabile.<\/p>\r\n\r\n<h4 style=\"text-align: justify;\"><strong><a href=\"https:\/\/www.edilmultiservices.it\/wp-content\/uploads\/2017\/07\/IMG_1090-768x1024.jpg\" rel=\"attachment wp-att-15439\"><img class=\"alignnone size-large wp-image-15439 alignleft\" src=\"https:\/\/www.edilmultiservices.it\/wp-content\/uploads\/2017\/07\/IMG_1090-768x1024.jpg\" alt=\"IMG_1090\" width=\"300\" \/><\/a>Sgravi fiscali per la ristrutturazione bagni<\/strong><\/h4>\r\nE\u2019 possibile ottenere degli sgravi fiscali per la ristrutturazione del proprio bagno? Grazie alla Legge 90 del 2013 s\u00ec.\r\nNello specifico tuttavia la legge in questione non permette di ottenere agevolazioni per ogni genere di lavoro. La semplice sostituzione delle mattonelle, ad esempio, viene riconosciuta come manutenzione ordinaria e quindi non beneficiaria.\r\nQuando invece si parla di sanitari destinati ai disabili si pu\u00f2 utilizzare il terzo comma dell\u2019articolo 3 della Legge 104 del 1992 perch\u00e9 l\u2019eliminazione delle barriere architettoniche prevedono appunto delle detrazioni fiscali.\r\nUn discorso simile pu\u00f2 essere fatto quando all\u2019interno della propria casa si ha la necessit\u00e0 di realizzare un nuovo servizio igienico. In questo caso il bagno deve essere realizzato all\u2019interno del volume originario dell\u2019edificio.\r\n<p style=\"text-align: justify;\">Per ottenere delle informazioni pi\u00f9 dettagliate basta collegarsi al sito web dell\u2019Agenzia dell\u2019Entrate. Differentemente, invece, potete contattarci. In questo modo un esperto del settore vi guider\u00e0 nell\u2019allestire il vostro fascicolo.<\/p>\r\n<p style=\"text-align: justify;\">Il primo passo riguarda il tipo di destinazione d\u2019uso che sar\u00e0 dato all\u2019immobile, successivamente insieme al cliente sar\u00e0 strutturato il progetto specificando al dettaglio quali saranno i lavori che gli operai della ditta edile eseguir\u00e0 in loco. Solo dopo aver completato queste due fasi importantissime, insieme all\u2019azienda si pu\u00f2 procedere con un esame accurato delle leggi che permettono di usufruire degli sgravi fiscali e anche dei bonus mobili, che permetteranno di dimezzare i costi del 50% in caso di spesa pari ad almeno diecimila euro.<\/p>","_et_gb_content_width":"","footnotes":""},"class_list":["post-49342","page","type-page","status-publish","hentry"],"_links":{"self":[{"href":"https:\/\/www.edilmultiservices.it\/en\/wp-json\/wp\/v2\/pages\/49342","targetHints":{"allow":["GET"]}}],"collection":[{"href":"https:\/\/www.edilmultiservices.it\/en\/wp-json\/wp\/v2\/pages"}],"about":[{"href":"https:\/\/www.edilmultiservices.it\/en\/wp-json\/wp\/v2\/types\/page"}],"author":[{"embeddable":true,"href":"https:\/\/www.edilmultiservices.it\/en\/wp-json\/wp\/v2\/users\/1"}],"replies":[{"embeddable":true,"href":"https:\/\/www.edilmultiservices.it\/en\/wp-json\/wp\/v2\/comments?post=49342"}],"version-history":[{"count":2,"href":"https:\/\/www.edilmultiservices.it\/en\/wp-json\/wp\/v2\/pages\/49342\/revisions"}],"predecessor-version":[{"id":49461,"href":"https:\/\/www.edilmultiservices.it\/en\/wp-json\/wp\/v2\/pages\/49342\/revisions\/49461"}],"wp:attachment":[{"href":"https:\/\/www.edilmultiservices.it\/en\/wp-json\/wp\/v2\/media?parent=49342"}],"curies":[{"name":"wp","href":"https:\/\/api.w.org\/{rel}","templated":true}]}}