{"id":49344,"date":"2017-07-16T00:23:43","date_gmt":"2017-07-15T22:23:43","guid":{"rendered":"https:\/\/www.edilmultiservices.it\/ristrutturazione-cucina\/"},"modified":"2023-06-29T23:21:02","modified_gmt":"2023-06-29T21:21:02","slug":"kitchen-renovation","status":"publish","type":"page","link":"https:\/\/www.edilmultiservices.it\/en\/kitchen-renovation\/","title":{"rendered":"Kitchen renovation"},"content":{"rendered":"<p>[et_pb_section fb_built=&#8221;1&#8243; admin_label=&#8221;Header&#8221; _builder_version=&#8221;4.19.2&#8243; _module_preset=&#8221;default&#8221; overflow-x=&#8221;hidden&#8221; overflow-y=&#8221;hidden&#8221; custom_padding=&#8221;0px||0px||true|false&#8221; collapsed=&#8221;on&#8221; global_colors_info=&#8221;{}&#8221;][et_pb_row column_structure=&#8221;1_2,1_2&#8243; _builder_version=&#8221;4.19.2&#8243; _module_preset=&#8221;default&#8221; custom_padding=&#8221;0px||||false|false&#8221; global_colors_info=&#8221;{}&#8221;][et_pb_column type=&#8221;1_2&#8243; _builder_version=&#8221;4.19.2&#8243; _module_preset=&#8221;default&#8221; custom_padding=&#8221;8vw||||false|false&#8221; custom_padding_tablet=&#8221;||||false|false&#8221; custom_padding_phone=&#8221;0vw||||false|false&#8221; custom_padding_last_edited=&#8221;off|desktop&#8221; global_colors_info=&#8221;{}&#8221;][et_pb_post_title meta=&#8221;off&#8221; featured_image=&#8221;off&#8221; _builder_version=&#8221;4.21.0&#8243; _module_preset=&#8221;default&#8221; title_font_size=&#8221;37px&#8221; global_colors_info=&#8221;{}&#8221;][\/et_pb_post_title][et_pb_text _builder_version=&#8221;4.21.0&#8243; _module_preset=&#8221;7519d7dd-a5ff-44b6-9b8f-2ffa0d0d61f4&#8243; text_text_color=&#8221;#FFFFFF&#8221; background_color=&#8221;#7F7F7F&#8221; custom_padding=&#8221;40px|40px|40px|40px|true|true&#8221; custom_padding_tablet=&#8221;30px|30px|30px|30px|true|true&#8221; custom_padding_phone=&#8221;20px|20px|20px|20px|true|true&#8221; custom_padding_last_edited=&#8221;on|desktop&#8221; hover_enabled=&#8221;0&#8243; global_colors_info=&#8221;{}&#8221; sticky_enabled=&#8221;0&#8243;]<\/p>\n<p style=\"text-align: justify;\">We can state that the kitchen deteriorates much sooner than any other environment, being the most frequented and daily requested space in a house. First of all, the deterioration of the piece of furniture, of the kitchen top, then that of the mural environment: floor, majolica, paint, due to the conditions of humidity, greasy vapours, heat. Below is your need and to change the furniture to create a welcoming, hygienic, healthy space. In these cases you want to change not only the furniture, but also the wall coverings and perhaps match the paint with the ambient colour, or moreover cross and match all the constituent colors of your environment, reasons why it is becoming a real own kitchen remodel.<\/p>\n<p>[\/et_pb_text][\/et_pb_column][et_pb_column type=&#8221;1_2&#8243; _builder_version=&#8221;4.19.2&#8243; _module_preset=&#8221;default&#8221; global_colors_info=&#8221;{}&#8221;][et_pb_image src=&#8221;https:\/\/www.edilmultiservices.it\/wp-content\/uploads\/2023\/06\/cucina-1024&#215;465-1.jpg&#8221; title_text=&#8221;cucina-1024&#215;465&#8243; _builder_version=&#8221;4.21.0&#8243; _module_preset=&#8221;default&#8221; custom_margin=&#8221;|-30vw|0px||false|false&#8221; custom_margin_tablet=&#8221;|0vw|0px||false|false&#8221; custom_margin_phone=&#8221;|0vw|0px||false|false&#8221; custom_margin_last_edited=&#8221;on|tablet&#8221; global_colors_info=&#8221;{}&#8221;][\/et_pb_image][et_pb_image src=&#8221;https:\/\/www.edilmultiservices.it\/wp-content\/uploads\/2023\/06\/civil-engineering-19.png&#8221; title_text=&#8221;civil-engineering-19&#8243; _builder_version=&#8221;4.19.2&#8243; _module_preset=&#8221;default&#8221; width=&#8221;77%&#8221; custom_margin=&#8221;-49%||||false|false&#8221; global_colors_info=&#8221;{}&#8221;][\/et_pb_image][\/et_pb_column][\/et_pb_row][\/et_pb_section][et_pb_section fb_built=&#8221;1&#8243; admin_label=&#8221;About&#8221; _builder_version=&#8221;4.19.2&#8243; _module_preset=&#8221;default&#8221; custom_padding=&#8221;30px||90px||false|false&#8221; collapsed=&#8221;on&#8221; global_colors_info=&#8221;{}&#8221;][et_pb_row column_structure=&#8221;1_2,1_2&#8243; _builder_version=&#8221;4.19.2&#8243; _module_preset=&#8221;default&#8221; global_colors_info=&#8221;{}&#8221;][et_pb_column type=&#8221;1_2&#8243; _builder_version=&#8221;4.19.2&#8243; _module_preset=&#8221;default&#8221; global_colors_info=&#8221;{}&#8221;][et_pb_text _builder_version=&#8221;4.21.0&#8243; _module_preset=&#8221;7519d7dd-a5ff-44b6-9b8f-2ffa0d0d61f4&#8243; hover_enabled=&#8221;0&#8243; global_colors_info=&#8221;{}&#8221; sticky_enabled=&#8221;0&#8243;]<\/p>\n<div style=\"text-align: justify;\">The kitchen should be the heart of the home, it should be the space where you feel happy and relaxed, whether you&#8217;re cooking, arranging flower vases\u00a0or reading the newspaper. The center of housekeeping should be comfortable and welcoming enough so that the whole family can enjoy all meals to the fullest and the guests are not bored.<br \/>Regardless of the style chosen, there are a variety of ways to design a kitchen that combines practicality with style. Even if you cook frequently and abundantly every day, it will be easy to keep the kitchen always clean. Investing in a solid, excellent kitchen will bring you joy and satisfaction for many years to come.<br \/>In this case, you need a company with the ability to develop dimensional flexibility for your kitchen, with versatile solutions, suited to your requests to create a classic, modern or rustic setting, with a touch of elegance and personality.<br \/>Another reason why a kitchen renovation is desired is the functioning scarcity of the old systems: water, drainage, electricity.<\/div>\n<p>[\/et_pb_text][\/et_pb_column][et_pb_column type=&#8221;1_2&#8243; _builder_version=&#8221;4.19.2&#8243; _module_preset=&#8221;default&#8221; global_colors_info=&#8221;{}&#8221;][dvppl_cf7_styler cf7=&#8221;49452&#8243; _builder_version=&#8221;4.21.0&#8243; _module_preset=&#8221;default&#8221; hover_enabled=&#8221;0&#8243; global_colors_info=&#8221;{}&#8221; sticky_enabled=&#8221;0&#8243;][\/dvppl_cf7_styler][\/et_pb_column][\/et_pb_row][\/et_pb_section]<\/p>\n","protected":false},"excerpt":{"rendered":"<p>We can state that the kitchen deteriorates much sooner than any other environment, being the most frequented and daily requested space in a house. First of all, the deterioration of the piece of furniture, of the kitchen top, then that of the mural environment: floor, majolica, paint, due to the conditions of humidity, greasy vapours, [&hellip;]<\/p>\n","protected":false},"author":1,"featured_media":48932,"parent":0,"menu_order":0,"comment_status":"closed","ping_status":"closed","template":"","meta":{"_et_pb_use_builder":"on","_et_pb_old_content":"[:it]<div class=\"right1\">\r\n<div style=\"text-align: justify;\">\r\n<h1 style=\"text-align: justify;\"><strong>Ristrutturazione\u00a0cucina<\/strong><\/h1>\r\nPossiamo affermare che la cucina si deteriora molto prima di qualunque altro ambiente, essendo lo spazio pi\u00f9 frequentato e sollecitato quotidianamente in una casa. Avviene prima di tutto il deterioramento, del mobile, del piano della cucina,poi quello del ambiente murale: pavimento, maioliche, pittura, dovuto alle condizioni di umidit\u00e0, vapori grassi, calore. Di seguito la vostra esigenza e di cambiare l\u2019arredamento per creare uno spazio accogliente, igienico, sano. In questi casi si vuole il cambiamento non solo degli mobili, ma anche dei rivestimenti murali e magari intonare la pittura con il colore ambientale, o per di pi\u00f9 incrociare ed abbinare tutti i colori costitutivi del vostro ambiente, motivi per cui sta diventando una vera e propria ristrutturazione della cucina.<\/div>\r\n<div style=\"text-align: justify;\">La cucina dovrebbe essere il cuore della casa, dovrebbe essere lo spazio dove ti senti felice e rilassato, indifferentemente se stai cucinando, sistemando gli vasi dei fiori\u00a0o stai leggendo il giornale. Il centro del governo della casa, deve essere abbastanza confortevole ed accogliente in cosi modo che tutta la famiglia possa godere tutti gli pasti saziamente e gli ospiti non vengano annoiati.<\/div>\r\n<div style=\"text-align: justify;\">Indifferentemente dallo stile scelto, sono una variet\u00e0 di modi per architettare una cucina che abbini la praticit\u00e0 con il stile. Anche se cucini frequentemente ed abbondantemente tutti i giorni, sar\u00e0 facile mantenere la cucina sempre pulita. L\u2019investimento in una cucina solida, eccellente, ti porter\u00e0 gioia e soddisfazione per tanti anni a venire.<\/div>\r\n<div style=\"text-align: justify;\">In questo caso vi serve un\u2019impresa, con la capacita di sviluppare una flessibilit\u00e0 dimensionale della vostra cucina, con soluzioni versatili, adatte alle vostre richieste per creare un ambiente classico, moderno o rustico,con un tocco di eleganza e personalit\u00e0.<\/div>\r\n<div style=\"text-align: justify;\">Un altro motivo per cui si desidera la ristrutturazione della cucina e\u2019 la scarsit\u00e0 funzionante degli vecchi impianti:idrico, di scarico, elettrico.<\/div>\r\n<\/div>\r\n<a href=\"https:\/\/www.edilmultiservices.it\/wp-content\/uploads\/2017\/07\/cucina-1024x465.jpg\" rel=\"attachment wp-att-16177\"><img class=\"alignnone size-large wp-image-16177\" src=\"https:\/\/www.edilmultiservices.it\/wp-content\/uploads\/2017\/07\/cucina-1024x465.jpg\" alt=\"Modern large kitchen\" width=\"100%\" \/><\/a>[:en]<div class=\"right1\">\r\n<div style=\"text-align: justify;\">\r\n<h1 style=\"text-align: justify;\"><strong>Ristrutturazione\u00a0cucina<\/strong><\/h1>\r\nPossiamo affermare che la cucina si deteriora molto prima di qualunque altro ambiente, essendo lo spazio pi\u00f9 frequentato e sollecitato quotidianamente in una casa. Avviene prima di tutto il deterioramento, del mobile, del piano della cucina,poi quello del ambiente murale: pavimento, maioliche, pittura, dovuto alle condizioni di umidit\u00e0, vapori grassi, calore. Di seguito la vostra esigenza e di cambiare l\u2019arredamento per creare uno spazio accogliente, igienico, sano. In questi casi si vuole il cambiamento non solo degli mobili, ma anche dei rivestimenti murali e magari intonare la pittura con il colore ambientale, o per di pi\u00f9 incrociare ed abbinare tutti i colori costitutivi del vostro ambiente, motivi per cui sta diventando una vera e propria ristrutturazione della cucina.<\/div>\r\n<div style=\"text-align: justify;\">La cucina dovrebbe essere il cuore della casa, dovrebbe essere lo spazio dove ti senti felice e rilassato, indifferentemente se stai cucinando, sistemando gli vasi dei fiori\u00a0o stai leggendo il giornale. Il centro del governo della casa, deve essere abbastanza confortevole ed accogliente in cosi modo che tutta la famiglia possa godere tutti gli pasti saziamente e gli ospiti non vengano annoiati.<\/div>\r\n<div style=\"text-align: justify;\">Indifferentemente dallo stile scelto, sono una variet\u00e0 di modi per architettare una cucina che abbini la praticit\u00e0 con il stile. Anche se cucini frequentemente ed abbondantemente tutti i giorni, sar\u00e0 facile mantenere la cucina sempre pulita. L\u2019investimento in una cucina solida, eccellente, ti porter\u00e0 gioia e soddisfazione per tanti anni a venire.<\/div>\r\n<div style=\"text-align: justify;\">In questo caso vi serve un\u2019impresa, con la capacita di sviluppare una flessibilit\u00e0 dimensionale della vostra cucina, con soluzioni versatili, adatte alle vostre richieste per creare un ambiente classico, moderno o rustico,con un tocco di eleganza e personalit\u00e0.<\/div>\r\n<div style=\"text-align: justify;\">Un altro motivo per cui si desidera la ristrutturazione della cucina e\u2019 la scarsit\u00e0 funzionante degli vecchi impianti:idrico, di scarico, elettrico.<\/div>\r\n<\/div>\r\n<a href=\"https:\/\/www.edilmultiservices.it\/wp-content\/uploads\/2017\/07\/cucina-1024x465.jpg\" rel=\"attachment wp-att-16177\"><img class=\"alignnone size-large wp-image-16177\" src=\"https:\/\/www.edilmultiservices.it\/wp-content\/uploads\/2017\/07\/cucina-1024x465.jpg\" alt=\"Modern large kitchen\" width=\"100%\" \/><\/a>[:ru]<div class=\"right1\">\r\n<div style=\"text-align: justify;\">\r\n<h1 style=\"text-align: justify;\"><strong>Ristrutturazione\u00a0cucina<\/strong><\/h1>\r\nPossiamo affermare che la cucina si deteriora molto prima di qualunque altro ambiente, essendo lo spazio pi\u00f9 frequentato e sollecitato quotidianamente in una casa. Avviene prima di tutto il deterioramento, del mobile, del piano della cucina,poi quello del ambiente murale: pavimento, maioliche, pittura, dovuto alle condizioni di umidit\u00e0, vapori grassi, calore. Di seguito la vostra esigenza e di cambiare l\u2019arredamento per creare uno spazio accogliente, igienico, sano. In questi casi si vuole il cambiamento non solo degli mobili, ma anche dei rivestimenti murali e magari intonare la pittura con il colore ambientale, o per di pi\u00f9 incrociare ed abbinare tutti i colori costitutivi del vostro ambiente, motivi per cui sta diventando una vera e propria ristrutturazione della cucina.\r\n\r\n<\/div>\r\n<div style=\"text-align: justify;\">La cucina dovrebbe essere il cuore della casa, dovrebbe essere lo spazio dove ti senti felice e rilassato, indifferentemente se stai cucinando, sistemando gli vasi dei fiori\u00a0o stai leggendo il giornale. Il centro del governo della casa, deve essere abbastanza confortevole ed accogliente in cosi modo che tutta la famiglia possa godere tutti gli pasti saziamente e gli ospiti non vengano annoiati.<\/div>\r\n<div style=\"text-align: justify;\">Indifferentemente dallo stile scelto, sono una variet\u00e0 di modi per architettare una cucina che abbini la praticit\u00e0 con il stile. Anche se cucini frequentemente ed abbondantemente tutti i giorni, sar\u00e0 facile mantenere la cucina sempre pulita. L\u2019investimento in una cucina solida, eccellente, ti porter\u00e0 gioia e soddisfazione per tanti anni a venire.<\/div>\r\n<div style=\"text-align: justify;\">In questo caso vi serve un\u2019impresa, con la capacita di sviluppare una flessibilit\u00e0 dimensionale della vostra cucina, con soluzioni versatili, adatte alle vostre richieste per creare un ambiente classico, moderno o rustico,con un tocco di eleganza e personalit\u00e0.<\/div>\r\n<div style=\"text-align: justify;\">Un altro motivo per cui si desidera la ristrutturazione della cucina e\u2019 la scarsit\u00e0 funzionante degli vecchi impianti:idrico, di scarico, elettrico.<\/div>\r\n<\/div>\r\n<a href=\"https:\/\/www.edilmultiservices.it\/wp-content\/uploads\/2017\/07\/cucina-1024x465.jpg\" rel=\"attachment wp-att-16177\"><img class=\"alignnone size-large wp-image-16177\" src=\"https:\/\/www.edilmultiservices.it\/wp-content\/uploads\/2017\/07\/cucina-1024x465.jpg\" alt=\"Modern large kitchen\" width=\"100%\" \/><\/a>[:]","_et_gb_content_width":"","footnotes":""},"class_list":["post-49344","page","type-page","status-publish","has-post-thumbnail","hentry"],"_links":{"self":[{"href":"https:\/\/www.edilmultiservices.it\/en\/wp-json\/wp\/v2\/pages\/49344","targetHints":{"allow":["GET"]}}],"collection":[{"href":"https:\/\/www.edilmultiservices.it\/en\/wp-json\/wp\/v2\/pages"}],"about":[{"href":"https:\/\/www.edilmultiservices.it\/en\/wp-json\/wp\/v2\/types\/page"}],"author":[{"embeddable":true,"href":"https:\/\/www.edilmultiservices.it\/en\/wp-json\/wp\/v2\/users\/1"}],"replies":[{"embeddable":true,"href":"https:\/\/www.edilmultiservices.it\/en\/wp-json\/wp\/v2\/comments?post=49344"}],"version-history":[{"count":2,"href":"https:\/\/www.edilmultiservices.it\/en\/wp-json\/wp\/v2\/pages\/49344\/revisions"}],"predecessor-version":[{"id":49462,"href":"https:\/\/www.edilmultiservices.it\/en\/wp-json\/wp\/v2\/pages\/49344\/revisions\/49462"}],"wp:featuredmedia":[{"embeddable":true,"href":"https:\/\/www.edilmultiservices.it\/en\/wp-json\/wp\/v2\/media\/48932"}],"wp:attachment":[{"href":"https:\/\/www.edilmultiservices.it\/en\/wp-json\/wp\/v2\/media?parent=49344"}],"curies":[{"name":"wp","href":"https:\/\/api.w.org\/{rel}","templated":true}]}}