{"id":49346,"date":"2017-07-19T23:44:49","date_gmt":"2017-07-19T21:44:49","guid":{"rendered":"https:\/\/www.edilmultiservices.it\/ristrutturazione-tetto-in-legno\/"},"modified":"2023-06-29T23:22:26","modified_gmt":"2023-06-29T21:22:26","slug":"wooden-roof-renovation","status":"publish","type":"page","link":"https:\/\/www.edilmultiservices.it\/en\/wooden-roof-renovation\/","title":{"rendered":"Wooden roof renovation"},"content":{"rendered":"<p>[et_pb_section fb_built=&#8221;1&#8243; admin_label=&#8221;Header&#8221; _builder_version=&#8221;4.19.2&#8243; _module_preset=&#8221;default&#8221; overflow-x=&#8221;hidden&#8221; overflow-y=&#8221;hidden&#8221; custom_padding=&#8221;0px||0px||true|false&#8221; collapsed=&#8221;on&#8221; global_colors_info=&#8221;{}&#8221;][et_pb_row column_structure=&#8221;1_2,1_2&#8243; _builder_version=&#8221;4.19.2&#8243; _module_preset=&#8221;default&#8221; custom_padding=&#8221;0px||||false|false&#8221; global_colors_info=&#8221;{}&#8221;][et_pb_column type=&#8221;1_2&#8243; _builder_version=&#8221;4.19.2&#8243; _module_preset=&#8221;default&#8221; custom_padding=&#8221;8vw||||false|false&#8221; custom_padding_tablet=&#8221;||||false|false&#8221; custom_padding_phone=&#8221;0vw||||false|false&#8221; custom_padding_last_edited=&#8221;off|desktop&#8221; global_colors_info=&#8221;{}&#8221;][et_pb_post_title meta=&#8221;off&#8221; featured_image=&#8221;off&#8221; _builder_version=&#8221;4.21.0&#8243; _module_preset=&#8221;default&#8221; title_font_size=&#8221;37px&#8221; global_colors_info=&#8221;{}&#8221;][\/et_pb_post_title][et_pb_text _builder_version=&#8221;4.21.0&#8243; _module_preset=&#8221;7519d7dd-a5ff-44b6-9b8f-2ffa0d0d61f4&#8243; text_text_color=&#8221;#FFFFFF&#8221; background_color=&#8221;#7F7F7F&#8221; custom_padding=&#8221;40px|40px|40px|40px|true|true&#8221; custom_padding_tablet=&#8221;30px|30px|30px|30px|true|true&#8221; custom_padding_phone=&#8221;20px|20px|20px|20px|true|true&#8221; custom_padding_last_edited=&#8221;on|desktop&#8221; hover_enabled=&#8221;0&#8243; global_colors_info=&#8221;{}&#8221; sticky_enabled=&#8221;0&#8243;]<\/p>\n<p>The signs that indicate the need for intervention on a wooden roof and that need to be interpreted are various and more or less evident depending on the case.<br \/>In the presence of an uninhabitable attic and a roof covering that is not visible, it is certainly more difficult to be able to read these signs and act in time before the damage worsens.<br \/>For this reason, an inspection of the attic is recommended from time to time in order to verify the state of conservation of the structure and the roof covering.<\/p>\n<p>[\/et_pb_text][\/et_pb_column][et_pb_column type=&#8221;1_2&#8243; _builder_version=&#8221;4.19.2&#8243; _module_preset=&#8221;default&#8221; global_colors_info=&#8221;{}&#8221;][et_pb_image src=&#8221;https:\/\/www.edilmultiservices.it\/wp-content\/uploads\/2023\/06\/tetto2.jpg&#8221; title_text=&#8221;tetto2&#8243; _builder_version=&#8221;4.21.0&#8243; _module_preset=&#8221;default&#8221; custom_margin=&#8221;|-30vw|0px||false|false&#8221; custom_margin_tablet=&#8221;|0vw|0px||false|false&#8221; custom_margin_phone=&#8221;|0vw|0px||false|false&#8221; custom_margin_last_edited=&#8221;on|tablet&#8221; global_colors_info=&#8221;{}&#8221;][\/et_pb_image][et_pb_image src=&#8221;https:\/\/www.edilmultiservices.it\/wp-content\/uploads\/2023\/06\/civil-engineering-19.png&#8221; title_text=&#8221;civil-engineering-19&#8243; _builder_version=&#8221;4.19.2&#8243; _module_preset=&#8221;default&#8221; width=&#8221;77%&#8221; custom_margin=&#8221;-49%||||false|false&#8221; global_colors_info=&#8221;{}&#8221;][\/et_pb_image][\/et_pb_column][\/et_pb_row][\/et_pb_section][et_pb_section fb_built=&#8221;1&#8243; admin_label=&#8221;About&#8221; _builder_version=&#8221;4.19.2&#8243; _module_preset=&#8221;default&#8221; custom_padding=&#8221;30px||90px||false|false&#8221; collapsed=&#8221;on&#8221; global_colors_info=&#8221;{}&#8221;][et_pb_row column_structure=&#8221;1_2,1_2&#8243; _builder_version=&#8221;4.19.2&#8243; _module_preset=&#8221;default&#8221; global_colors_info=&#8221;{}&#8221;][et_pb_column type=&#8221;1_2&#8243; _builder_version=&#8221;4.19.2&#8243; _module_preset=&#8221;default&#8221; global_colors_info=&#8221;{}&#8221;][et_pb_text _builder_version=&#8221;4.21.0&#8243; _module_preset=&#8221;7519d7dd-a5ff-44b6-9b8f-2ffa0d0d61f4&#8243; hover_enabled=&#8221;0&#8243; global_colors_info=&#8221;{}&#8221; sticky_enabled=&#8221;0&#8243;]<\/p>\n<p>An unequivocal sign of the poor state of conservation of the structure of a wooden roof are the sloping pitches, a consequence of a serious weakening of the support beams and also recognizable from the outside of the building.<br \/>Another clue is the superficial alteration of the color or a localized deterioration in the wooden elements, possibly due to xylophagous fungi or insects.<\/p>\n<p>If there is a continuous stain of humidity on the outside of the wall in correspondence with the flue, there will certainly be infiltrations from the chimney pot, which could establish weakening and rotting processes.<\/p>\n<p>[\/et_pb_text][\/et_pb_column][et_pb_column type=&#8221;1_2&#8243; _builder_version=&#8221;4.19.2&#8243; _module_preset=&#8221;default&#8221; global_colors_info=&#8221;{}&#8221;][et_pb_image src=&#8221;https:\/\/www.edilmultiservices.it\/wp-content\/uploads\/2023\/06\/tetto11.jpg&#8221; title_text=&#8221;tetto11&#8243; _builder_version=&#8221;4.21.0&#8243; _module_preset=&#8221;default&#8221; global_colors_info=&#8221;{}&#8221;][\/et_pb_image][\/et_pb_column][\/et_pb_row][et_pb_row column_structure=&#8221;1_2,1_2&#8243; _builder_version=&#8221;4.19.2&#8243; _module_preset=&#8221;default&#8221; global_colors_info=&#8221;{}&#8221;][et_pb_column type=&#8221;1_2&#8243; _builder_version=&#8221;4.19.2&#8243; _module_preset=&#8221;default&#8221; global_colors_info=&#8221;{}&#8221;][et_pb_text _builder_version=&#8221;4.21.0&#8243; _module_preset=&#8221;7519d7dd-a5ff-44b6-9b8f-2ffa0d0d61f4&#8243; hover_enabled=&#8221;0&#8243; global_colors_info=&#8221;{}&#8221; sticky_enabled=&#8221;0&#8243;]<\/p>\n<p><strong>What documents are required for the renovation of the wooden roof?<\/strong><\/p>\n<p>With the introduction of the new unified communication modules for the start of work, for roof maintenance and all works in which it is not foreseen to modify the structure, such as the replacement of the roof covering only, the waterproofing layer or the joists, a CILA is enough certified by a technician.<\/p>\n<p>In this specific intervention, having to completely replace the wooden structure, a SCIA was required, i.e. a certified notification of the start of activity accompanied by a technical report drawn up by a structural engineer with indications of the appropriate sizing<\/p>\n<p>[\/et_pb_text][\/et_pb_column][et_pb_column type=&#8221;1_2&#8243; _builder_version=&#8221;4.19.2&#8243; _module_preset=&#8221;default&#8221; global_colors_info=&#8221;{}&#8221;][dvppl_cf7_styler cf7=&#8221;49452&#8243; _builder_version=&#8221;4.21.0&#8243; _module_preset=&#8221;default&#8221; hover_enabled=&#8221;0&#8243; global_colors_info=&#8221;{}&#8221; sticky_enabled=&#8221;0&#8243;][\/dvppl_cf7_styler][\/et_pb_column][\/et_pb_row][\/et_pb_section]<\/p>\n","protected":false},"excerpt":{"rendered":"<p>The signs that indicate the need for intervention on a wooden roof and that need to be interpreted are various and more or less evident depending on the case.In the presence of an uninhabitable attic and a roof covering that is not visible, it is certainly more difficult to be able to read these signs [&hellip;]<\/p>\n","protected":false},"author":1,"featured_media":0,"parent":0,"menu_order":0,"comment_status":"closed","ping_status":"closed","template":"","meta":{"_et_pb_use_builder":"on","_et_pb_old_content":"[:it]<h1 style=\"text-align: justify;\"><strong><a href=\"https:\/\/www.edilmultiservices.it\/wp-content\/uploads\/2017\/07\/tetto11.jpg\" rel=\"attachment wp-att-16389\"><img class=\" wp-image-16390  alignleft\" src=\"https:\/\/www.edilmultiservices.it\/wp-content\/uploads\/2017\/07\/tetto11.jpg\" alt=\"\" width=\"450\" \/><\/a>Ristrutturazione\u00a0tetto in legno<\/strong><\/h1>\r\n<p style=\"text-align: justify;\">I segnali che indicano la necessit\u00e0 di un intervento su un tetto in legno e che bisogna interpretare sono vari e pi\u00f9 o meno evidenti a seconda dei casi.\r\nIn presenza di un sottotetto non abitabile e di un manto di copertura non a vista, \u00e8 sicuramente pi\u00f9 difficile saper leggere tali segnali e agire in tempo prima che i danni si aggravino.\r\nPer questo motivo \u00e8 raccomandabile ogni tanto un sopralluogo nel sottotetto in maniera tale da verificare lo stato di conservazione della struttura e del manto di copertura.<\/p>\r\n<p style=\"text-align: justify;\">Un segnale inequivocabile del cattivo stato di conservazione della struttura di un tetto in legno sono le falde imbarcate, conseguenza di un grave indebolimento delle travi di sostegno e riconoscibile anche dall'esterno dell'edificio.\r\nUn altro indizio \u00e8 l'alterazione superficiale del colore o un deterioramento localizzato negli elementi lignei, dovuto possibilmente a funghi xilofagi o insetti.<\/p>\r\n<p style=\"text-align: justify;\">Se esternamente al muro \u00e8 presente una macchia continua di umidit\u00e0 in corrispondenza della canna fumaria, sicuramente vi saranno infiltrazioni dal comignolo, le quali potrebbero instaurare dei processi di indebolimento e marcescenza.<\/p>\r\n<p style=\"text-align: justify;\"><strong>Quali documenti sono necessari per il rifacimento del tetto in legno?<\/strong><\/p>\r\n\u00a0<a href=\"https:\/\/www.edilmultiservices.it\/wp-content\/uploads\/2017\/07\/tetto2.jpg\" rel=\"attachment wp-att-16391\"><img class=\"wp-image-16391 alignright\" src=\"https:\/\/www.edilmultiservices.it\/wp-content\/uploads\/2017\/07\/tetto2.jpg\" alt=\"tetto2\" width=\"450\" \/><\/a>Con l'introduzione dei nuovi moduli unificati di comunicazione inizio lavori, per la manutenzione del tetto e tutti i lavori in cui non \u00e8 previsto modificare la struttura, come la sostituzione del solo manto di copertura, dello strato impermeabilizzante o dei travetti, basta una CILA asseverata da un tecnico.\r\n<p style=\"text-align: justify;\">In questo specifico intervento, dovendo sostituire integralmente la struttura in legno, \u00e8 stata necessaria una SCIA, ossia una segnalazione certificata d inizio attivit\u00e0 corredata di una relazione tecnica redatta da uno strutturista con indicati gli opportuni dimensionamenti<\/p>[:en]<p class=\"alignleft\" style=\"text-align: justify;\"><a href=\"https:\/\/www.edilmultiservices.it\/wp-content\/uploads\/2017\/07\/bagno-768x1024.jpg\" rel=\"attachment wp-att-15438\"><img class=\"  wp-image-15438 alignleft\" src=\"https:\/\/www.edilmultiservices.it\/wp-content\/uploads\/2017\/07\/bagno-768x1024.jpg\" alt=\"bagno\" width=\"320\" \/><\/a><\/p>\r\n\r\n<h1 style=\"text-align: justify;\"><strong>Ristrutturazione bagno<\/strong><\/h1>\r\n<p style=\"text-align: justify;\">Un intervento ben eseguito e a norma \u00e8 quello che rispetta tutte le regole previste, tra opere in muratura e impianti, con mano d\u2019opera specializzata e abilitata. Ed \u00e8 anche l\u2019unico modo per non rischiare di dover rifare tutto da capo o, addirittura, di dover bloccare i lavori.Ristrutturare il bagno a volte \u00e8 un problema. Che si tratti di un bagno piccolo o grande, tra costi e lavori di ristrutturazione lunghi e invasivi, rifare il bagno \u00e8 uno di quei desideri che non diventano mai realt\u00e0. Oppure si sceglie di effettuare\u00a0alcuni piccoli interventi di\u00a0manutenzione ordinaria, come la sostituzione della rubinetteria e dei sanitari o per una\u00a0ristrutturazione fai da te, con tutti i rischi e i limiti connessi.<\/p>\r\n<p style=\"text-align: justify;\">Ristrutturare il bagno crea, per ovvie ragioni, non pochi problemi e disagi in casa. Tuttavia, una volta ultimati i lavori, vi renderete conto che ne sar\u00e0, indubbiamente, valsa la pena. D'altro canto, dare una svecchiata al luogo in cui i membri della famiglia si prendono cura di s\u00e9 \u00e8 a volte praticamente obbligatorio: quando arriva l'ora di farlo, non ci si pu\u00f2 proprio sottrarre.\r\nImpianti, rivestimenti e tubature, prima o poi, hanno pur bisogno di un po' di manutenzione.\r\nDiventa tutto pi\u00f9 piacevole, per\u00f2, se si approfitta di eventuali riparazioni e restyling tecnici per trasformare completamente l'ambiente.\r\nPensateci: nel momento in cui si \u00e8 costretti a smontare tutto, tanto vale cambiare in toto lo stile del bagno, anzich\u00e9 limitarsi, semplicemente, a provvedere a una necessaria ristrutturazione. Quindi, non tutti i mali vengono per nuocere.\r\nI disagi vanno messi in conto, dicevamo. Sia durante i lavori, che prima. Nel caso in cui, tanto per fare un esempio, abbiate deciso di allargare le dimensioni del bagno e di spostare, di conseguenza, i muri, sarete costretti a comunicarlo al vostro municipio di competenza attraverso la cosiddetta pratica Dia.\r\nTale pratica, essenziale per\u00a0attestare che i lavori sono imminenti, dev'essere presentata in Comune non oltre 30 giorni prima della data di inizio della ristrutturazione.\r\nUna volta assolti gli oneri burocratici e ricevuto il lasciapassare da un tecnico del municipio, non vi resta che dedicarvi al lavoro \"sporco\": svuotare il bagno e preparare il campo agli operai che avranno, poi, il compito di smantellare sanitari, pavimenti e quant'altro.<\/p>\r\n<p style=\"text-align: justify;\">Se avete voglia di rivoluzionare totalmente il vostro bagno, \u00e8 importante che decidiate quali nuovi elementi e sanitari acquistare prima ancora che i lavori di ristrutturazione abbiano ufficialmente inizio. <a href=\"https:\/\/www.edilmultiservices.it\/wp-content\/uploads\/2017\/07\/IMG_6340-300x225.jpg\" rel=\"attachment wp-att-15440\"><img class=\" size-medium wp-image-15440 alignright\" src=\"https:\/\/www.edilmultiservices.it\/wp-content\/uploads\/2017\/07\/IMG_6340-300x225.jpg\" alt=\"IMG_6340\" width=\"300\" height=\"225\" \/><\/a>La tempistica, in situazioni del genere, \u00e8 fondamentale, affinch\u00e9 gli operai siano informati per tempo, di quelle che saranno le vostre nuove esigenze: se lo spazio subir\u00e0 particolari modifiche, \u00e8 bene che lo sappiano. Quindi, divertitevi pure a cambiare lo stile del vostro vecchio bagno, ma state bene attenti: non esagerate, prendete bene le misure e assicuratevi che i nuovi sanitari si collochino bene nell\u2019ambiente in cui saranno posizionati.\r\nE se avete spazio a sufficienza, ricordatevi di dare un\u2019occhiata a quelle soluzioni che prevedono, al contempo, vasca e doccia insieme: cos\u00ec, potrete godere dei benefici di entrambe, senza rinunce!\r\nPer ristrutturare un bagno, una delle cose fondamentali che permette di ottenere un effetto originale e piacevole \u00e8 certamente il tipo di rivestimento che si sceglie. Le soluzioni disponibile per ottenere un buon risultato sono molteplici e in grado di rispondere sia alle esigenze di chi preferisce un arredo classico che di chi apprezza ambienti moderni e contemporanei.\r\nPer chi cerca un'alternativa alle solite piastrelle, la soluzione pu\u00f2 essere quella di utilizzare la resina, materiale che permette di avere superfici continue, senza fughe e che possono rivestire sia il pavimento che le pareti, con un risultato estetico molto apprezzabile.<\/p>\r\n\r\n<h4 style=\"text-align: justify;\"><strong><a href=\"https:\/\/www.edilmultiservices.it\/wp-content\/uploads\/2017\/07\/IMG_1090-768x1024.jpg\" rel=\"attachment wp-att-15439\"><img class=\"alignnone size-large wp-image-15439 alignleft\" src=\"https:\/\/www.edilmultiservices.it\/wp-content\/uploads\/2017\/07\/IMG_1090-768x1024.jpg\" alt=\"IMG_1090\" width=\"300\" \/><\/a>Sgravi fiscali per la ristrutturazione bagni<\/strong><\/h4>\r\nE\u2019 possibile ottenere degli sgravi fiscali per la ristrutturazione del proprio bagno? Grazie alla Legge 90 del 2013 s\u00ec.\r\nNello specifico tuttavia la legge in questione non permette di ottenere agevolazioni per ogni genere di lavoro. La semplice sostituzione delle mattonelle, ad esempio, viene riconosciuta come manutenzione ordinaria e quindi non beneficiaria.\r\nQuando invece si parla di sanitari destinati ai disabili si pu\u00f2 utilizzare il terzo comma dell\u2019articolo 3 della Legge 104 del 1992 perch\u00e9 l\u2019eliminazione delle barriere architettoniche prevedono appunto delle detrazioni fiscali.\r\nUn discorso simile pu\u00f2 essere fatto quando all\u2019interno della propria casa si ha la necessit\u00e0 di realizzare un nuovo servizio igienico. In questo caso il bagno deve essere realizzato all\u2019interno del volume originario dell\u2019edificio.\r\n<p style=\"text-align: justify;\">Per ottenere delle informazioni pi\u00f9 dettagliate basta collegarsi al sito web dell\u2019Agenzia dell\u2019Entrate. Differentemente, invece, potete contattarci. In questo modo un esperto del settore vi guider\u00e0 nell\u2019allestire il vostro fascicolo.<\/p>\r\n<p style=\"text-align: justify;\">Il primo passo riguarda il tipo di destinazione d\u2019uso che sar\u00e0 dato all\u2019immobile, successivamente insieme al cliente sar\u00e0 strutturato il progetto specificando al dettaglio quali saranno i lavori che gli operai della ditta edile eseguir\u00e0 in loco. Solo dopo aver completato queste due fasi importantissime, insieme all\u2019azienda si pu\u00f2 procedere con un esame accurato delle leggi che permettono di usufruire degli sgravi fiscali e anche dei bonus mobili, che permetteranno di dimezzare i costi del 50% in caso di spesa pari ad almeno diecimila euro.<\/p>[:ru]<p class=\"alignleft\" style=\"text-align: justify;\"><a href=\"https:\/\/www.edilmultiservices.it\/wp-content\/uploads\/2017\/07\/bagno-768x1024.jpg\" rel=\"attachment wp-att-15438\"><img class=\"  wp-image-15438 alignleft\" src=\"https:\/\/www.edilmultiservices.it\/wp-content\/uploads\/2017\/07\/bagno-768x1024.jpg\" alt=\"bagno\" width=\"320\" \/><\/a><\/p>\r\n\r\n<h1 style=\"text-align: justify;\"><strong>Ristrutturazione bagno<\/strong><\/h1>\r\n<p style=\"text-align: justify;\">Un intervento ben eseguito e a norma \u00e8 quello che rispetta tutte le regole previste, tra opere in muratura e impianti, con mano d\u2019opera specializzata e abilitata. Ed \u00e8 anche l\u2019unico modo per non rischiare di dover rifare tutto da capo o, addirittura, di dover bloccare i lavori.Ristrutturare il bagno a volte \u00e8 un problema. Che si tratti di un bagno piccolo o grande, tra costi e lavori di ristrutturazione lunghi e invasivi, rifare il bagno \u00e8 uno di quei desideri che non diventano mai realt\u00e0. Oppure si sceglie di effettuare\u00a0alcuni piccoli interventi di\u00a0manutenzione ordinaria, come la sostituzione della rubinetteria e dei sanitari o per una\u00a0ristrutturazione fai da te, con tutti i rischi e i limiti connessi.<\/p>\r\n<p style=\"text-align: justify;\">Ristrutturare il bagno crea, per ovvie ragioni, non pochi problemi e disagi in casa. Tuttavia, una volta ultimati i lavori, vi renderete conto che ne sar\u00e0, indubbiamente, valsa la pena. D'altro canto, dare una svecchiata al luogo in cui i membri della famiglia si prendono cura di s\u00e9 \u00e8 a volte praticamente obbligatorio: quando arriva l'ora di farlo, non ci si pu\u00f2 proprio sottrarre.\r\nImpianti, rivestimenti e tubature, prima o poi, hanno pur bisogno di un po' di manutenzione.\r\nDiventa tutto pi\u00f9 piacevole, per\u00f2, se si approfitta di eventuali riparazioni e restyling tecnici per trasformare completamente l'ambiente.\r\nPensateci: nel momento in cui si \u00e8 costretti a smontare tutto, tanto vale cambiare in toto lo stile del bagno, anzich\u00e9 limitarsi, semplicemente, a provvedere a una necessaria ristrutturazione. Quindi, non tutti i mali vengono per nuocere.\r\nI disagi vanno messi in conto, dicevamo. Sia durante i lavori, che prima. Nel caso in cui, tanto per fare un esempio, abbiate deciso di allargare le dimensioni del bagno e di spostare, di conseguenza, i muri, sarete costretti a comunicarlo al vostro municipio di competenza attraverso la cosiddetta pratica Dia.\r\nTale pratica, essenziale per\u00a0attestare che i lavori sono imminenti, dev'essere presentata in Comune non oltre 30 giorni prima della data di inizio della ristrutturazione.\r\nUna volta assolti gli oneri burocratici e ricevuto il lasciapassare da un tecnico del municipio, non vi resta che dedicarvi al lavoro \"sporco\": svuotare il bagno e preparare il campo agli operai che avranno, poi, il compito di smantellare sanitari, pavimenti e quant'altro.<\/p>\r\n<p style=\"text-align: justify;\">Se avete voglia di rivoluzionare totalmente il vostro bagno, \u00e8 importante che decidiate quali nuovi elementi e sanitari acquistare prima ancora che i lavori di ristrutturazione abbiano ufficialmente inizio. <a href=\"https:\/\/www.edilmultiservices.it\/wp-content\/uploads\/2017\/07\/IMG_6340-300x225.jpg\" rel=\"attachment wp-att-15440\"><img class=\" size-medium wp-image-15440 alignright\" src=\"https:\/\/www.edilmultiservices.it\/wp-content\/uploads\/2017\/07\/IMG_6340-300x225.jpg\" alt=\"IMG_6340\" width=\"300\" height=\"225\" \/><\/a>La tempistica, in situazioni del genere, \u00e8 fondamentale, affinch\u00e9 gli operai siano informati per tempo, di quelle che saranno le vostre nuove esigenze: se lo spazio subir\u00e0 particolari modifiche, \u00e8 bene che lo sappiano. Quindi, divertitevi pure a cambiare lo stile del vostro vecchio bagno, ma state bene attenti: non esagerate, prendete bene le misure e assicuratevi che i nuovi sanitari si collochino bene nell\u2019ambiente in cui saranno posizionati.\r\nE se avete spazio a sufficienza, ricordatevi di dare un\u2019occhiata a quelle soluzioni che prevedono, al contempo, vasca e doccia insieme: cos\u00ec, potrete godere dei benefici di entrambe, senza rinunce!\r\nPer ristrutturare un bagno, una delle cose fondamentali che permette di ottenere un effetto originale e piacevole \u00e8 certamente il tipo di rivestimento che si sceglie. Le soluzioni disponibile per ottenere un buon risultato sono molteplici e in grado di rispondere sia alle esigenze di chi preferisce un arredo classico che di chi apprezza ambienti moderni e contemporanei.\r\nPer chi cerca un'alternativa alle solite piastrelle, la soluzione pu\u00f2 essere quella di utilizzare la resina, materiale che permette di avere superfici continue, senza fughe e che possono rivestire sia il pavimento che le pareti, con un risultato estetico molto apprezzabile.<\/p>\r\n\r\n<h4 style=\"text-align: justify;\"><strong><a href=\"https:\/\/www.edilmultiservices.it\/wp-content\/uploads\/2017\/07\/IMG_1090-768x1024.jpg\" rel=\"attachment wp-att-15439\"><img class=\"alignnone size-large wp-image-15439 alignleft\" src=\"https:\/\/www.edilmultiservices.it\/wp-content\/uploads\/2017\/07\/IMG_1090-768x1024.jpg\" alt=\"IMG_1090\" width=\"300\" \/><\/a>Sgravi fiscali per la ristrutturazione bagni<\/strong><\/h4>\r\nE\u2019 possibile ottenere degli sgravi fiscali per la ristrutturazione del proprio bagno? Grazie alla Legge 90 del 2013 s\u00ec.\r\nNello specifico tuttavia la legge in questione non permette di ottenere agevolazioni per ogni genere di lavoro. La semplice sostituzione delle mattonelle, ad esempio, viene riconosciuta come manutenzione ordinaria e quindi non beneficiaria.\r\nQuando invece si parla di sanitari destinati ai disabili si pu\u00f2 utilizzare il terzo comma dell\u2019articolo 3 della Legge 104 del 1992 perch\u00e9 l\u2019eliminazione delle barriere architettoniche prevedono appunto delle detrazioni fiscali.\r\nUn discorso simile pu\u00f2 essere fatto quando all\u2019interno della propria casa si ha la necessit\u00e0 di realizzare un nuovo servizio igienico. In questo caso il bagno deve essere realizzato all\u2019interno del volume originario dell\u2019edificio.\r\n<p style=\"text-align: justify;\">Per ottenere delle informazioni pi\u00f9 dettagliate basta collegarsi al sito web dell\u2019Agenzia dell\u2019Entrate. Differentemente, invece, potete contattarci. In questo modo un esperto del settore vi guider\u00e0 nell\u2019allestire il vostro fascicolo.<\/p>\r\n<p style=\"text-align: justify;\">Il primo passo riguarda il tipo di destinazione d\u2019uso che sar\u00e0 dato all\u2019immobile, successivamente insieme al cliente sar\u00e0 strutturato il progetto specificando al dettaglio quali saranno i lavori che gli operai della ditta edile eseguir\u00e0 in loco. Solo dopo aver completato queste due fasi importantissime, insieme all\u2019azienda si pu\u00f2 procedere con un esame accurato delle leggi che permettono di usufruire degli sgravi fiscali e anche dei bonus mobili, che permetteranno di dimezzare i costi del 50% in caso di spesa pari ad almeno diecimila euro.<\/p>[:]","_et_gb_content_width":"","footnotes":""},"class_list":["post-49346","page","type-page","status-publish","hentry"],"_links":{"self":[{"href":"https:\/\/www.edilmultiservices.it\/en\/wp-json\/wp\/v2\/pages\/49346","targetHints":{"allow":["GET"]}}],"collection":[{"href":"https:\/\/www.edilmultiservices.it\/en\/wp-json\/wp\/v2\/pages"}],"about":[{"href":"https:\/\/www.edilmultiservices.it\/en\/wp-json\/wp\/v2\/types\/page"}],"author":[{"embeddable":true,"href":"https:\/\/www.edilmultiservices.it\/en\/wp-json\/wp\/v2\/users\/1"}],"replies":[{"embeddable":true,"href":"https:\/\/www.edilmultiservices.it\/en\/wp-json\/wp\/v2\/comments?post=49346"}],"version-history":[{"count":2,"href":"https:\/\/www.edilmultiservices.it\/en\/wp-json\/wp\/v2\/pages\/49346\/revisions"}],"predecessor-version":[{"id":49464,"href":"https:\/\/www.edilmultiservices.it\/en\/wp-json\/wp\/v2\/pages\/49346\/revisions\/49464"}],"wp:attachment":[{"href":"https:\/\/www.edilmultiservices.it\/en\/wp-json\/wp\/v2\/media?parent=49346"}],"curies":[{"name":"wp","href":"https:\/\/api.w.org\/{rel}","templated":true}]}}