{"id":49350,"date":"2019-07-29T12:54:36","date_gmt":"2019-07-29T10:54:36","guid":{"rendered":"https:\/\/www.edilmultiservices.it\/trattamenti-intumescenti-e-ignifuganti\/"},"modified":"2023-06-29T02:34:23","modified_gmt":"2023-06-29T00:34:23","slug":"trattamenti-intumescenti-e-ignifuganti","status":"publish","type":"page","link":"https:\/\/www.edilmultiservices.it\/en\/trattamenti-intumescenti-e-ignifuganti\/","title":{"rendered":"Intumescent and fireproofing treatments"},"content":{"rendered":"<p>[et_pb_section fb_built=&#8221;1&#8243; admin_label=&#8221;Header&#8221; _builder_version=&#8221;4.19.2&#8243; _module_preset=&#8221;default&#8221; overflow-x=&#8221;hidden&#8221; overflow-y=&#8221;hidden&#8221; custom_padding=&#8221;0px||0px||true|false&#8221; collapsed=&#8221;on&#8221; global_colors_info=&#8221;{}&#8221; theme_builder_area=&#8221;post_content&#8221;][et_pb_row column_structure=&#8221;1_2,1_2&#8243; _builder_version=&#8221;4.19.2&#8243; _module_preset=&#8221;default&#8221; custom_padding=&#8221;0px||||false|false&#8221; global_colors_info=&#8221;{}&#8221; theme_builder_area=&#8221;post_content&#8221;][et_pb_column type=&#8221;1_2&#8243; _builder_version=&#8221;4.19.2&#8243; _module_preset=&#8221;default&#8221; custom_padding=&#8221;8vw||||false|false&#8221; custom_padding_tablet=&#8221;||||false|false&#8221; custom_padding_phone=&#8221;0vw||||false|false&#8221; custom_padding_last_edited=&#8221;off|desktop&#8221; global_colors_info=&#8221;{}&#8221; theme_builder_area=&#8221;post_content&#8221;][et_pb_text _builder_version=&#8221;4.21.0&#8243; _module_preset=&#8221;670be8d3-6da0-4997-a2c9-b9a8912d365b&#8221; hover_enabled=&#8221;0&#8243; global_colors_info=&#8221;{}&#8221; theme_builder_area=&#8221;post_content&#8221; sticky_enabled=&#8221;0&#8243;]<\/p>\n<h1>Trattamenti intumescenti e ignifuganti<\/h1>\n<p>[\/et_pb_text][et_pb_text _builder_version=&#8221;4.21.0&#8243; _module_preset=&#8221;a4746e81-0af0-47fa-8c52-c73a71739c08&#8243; text_text_color=&#8221;#FFFFFF&#8221; background_color=&#8221;#7F7F7F&#8221; custom_padding=&#8221;40px|40px|40px|40px|true|true&#8221; custom_padding_tablet=&#8221;30px|30px|30px|30px|true|true&#8221; custom_padding_phone=&#8221;20px|20px|20px|20px|true|true&#8221; custom_padding_last_edited=&#8221;on|desktop&#8221; hover_enabled=&#8221;0&#8243; global_colors_info=&#8221;{}&#8221; theme_builder_area=&#8221;post_content&#8221; sticky_enabled=&#8221;0&#8243;]<\/p>\n<p style=\"text-align: justify;\">Realizziamo trattamenti intumescenti e ignifuganti per la protezione dal fuoco di strutture industriali e civili. I rivestimenti intumescenti sono formulati con diversi componenti attivi che reagiscono tra loro quando la temperatura supera certi valori, formando una schiuma carboniosa e generando gas inerti.<\/p>\n<p style=\"text-align: justify;\">I gas sviluppati formano bolle nel film di pittura fino a formare una spessa schiuma carboniosa solida che pu\u00f2 espandersi fino a 100 volte il volume originale. Si origina cos\u00ec una barriera isolante che protegge il supporto da rapidi aumenti di temperatura. La protezione cos\u00ec ottenuta \u00e8 utile per aumentare il tempo al collasso di strutture metalliche o per aumentare la resistenza al fuoco di pareti e soffitti. Tutte le strutture portanti possono essere riqualificate con vernici intumescenti su acciaio, su legno e su calcestruzzo<\/p>\n<p>[\/et_pb_text][\/et_pb_column][et_pb_column type=&#8221;1_2&#8243; _builder_version=&#8221;4.19.2&#8243; _module_preset=&#8221;default&#8221; global_colors_info=&#8221;{}&#8221; theme_builder_area=&#8221;post_content&#8221;][et_pb_image src=&#8221;https:\/\/www.edilmultiservices.it\/wp-content\/uploads\/2019\/07\/INTONACI-ISOLANTI-IGNIFUGHI-2-1.jpg&#8221; title_text=&#8221;INTONACI ISOLANTI IGNIFUGHI (2)&#8221; _builder_version=&#8221;4.21.0&#8243; _module_preset=&#8221;default&#8221; custom_margin=&#8221;|-30vw|0px||false|false&#8221; custom_margin_tablet=&#8221;|0vw|0px||false|false&#8221; custom_margin_phone=&#8221;|0vw|0px||false|false&#8221; custom_margin_last_edited=&#8221;on|tablet&#8221; hover_enabled=&#8221;0&#8243; global_colors_info=&#8221;{}&#8221; theme_builder_area=&#8221;post_content&#8221; sticky_enabled=&#8221;0&#8243;][\/et_pb_image][et_pb_image src=&#8221;https:\/\/www.edilmultiservices.it\/wp-content\/uploads\/2023\/06\/civil-engineering-19.png&#8221; title_text=&#8221;civil-engineering-19&#8243; _builder_version=&#8221;4.19.2&#8243; _module_preset=&#8221;default&#8221; width=&#8221;77%&#8221; custom_margin=&#8221;-49%||||false|false&#8221; global_colors_info=&#8221;{}&#8221; theme_builder_area=&#8221;post_content&#8221;][\/et_pb_image][\/et_pb_column][\/et_pb_row][\/et_pb_section][et_pb_section fb_built=&#8221;1&#8243; admin_label=&#8221;About&#8221; _builder_version=&#8221;4.19.2&#8243; _module_preset=&#8221;default&#8221; custom_padding=&#8221;||90px||false|false&#8221; collapsed=&#8221;on&#8221; global_colors_info=&#8221;{}&#8221; theme_builder_area=&#8221;post_content&#8221;][et_pb_row _builder_version=&#8221;4.19.2&#8243; _module_preset=&#8221;default&#8221; global_colors_info=&#8221;{}&#8221; theme_builder_area=&#8221;post_content&#8221;][et_pb_column type=&#8221;4_4&#8243; _builder_version=&#8221;4.19.2&#8243; _module_preset=&#8221;default&#8221; global_colors_info=&#8221;{}&#8221; theme_builder_area=&#8221;post_content&#8221;][et_pb_text _builder_version=&#8221;4.21.0&#8243; _module_preset=&#8221;1da5685a-023c-4089-a5da-19fdd5084af0&#8243; hover_enabled=&#8221;0&#8243; global_colors_info=&#8221;{}&#8221; theme_builder_area=&#8221;post_content&#8221; sticky_enabled=&#8221;0&#8243; custom_margin=&#8221;||6px|||&#8221;]<\/p>\n<h1>INTONACI IGNIFUGHI<\/h1>\n<p>[\/et_pb_text][et_pb_text _builder_version=&#8221;4.21.0&#8243; _module_preset=&#8221;a4746e81-0af0-47fa-8c52-c73a71739c08&#8243; hover_enabled=&#8221;0&#8243; global_colors_info=&#8221;{}&#8221; theme_builder_area=&#8221;post_content&#8221; sticky_enabled=&#8221;0&#8243;]<\/p>\n<p style=\"text-align: justify;\"><span>La protezione passiva al fuoco tramite rivestimenti ignifughi deve essere curata nei minimi dettagli, dall\u2019utilizzo dei migliori materiali per i trattamenti antifuoco fino all\u2019applicazione di quest\u2019ultimi in loco. L\u2019applicazione di tali rivestimenti ignifughi infatti richiede cura particolare degli spessori e uniformit\u00e0 nell\u2019 applicazione fattori che solo un\u2019azienda con un esperienza come la nostra \u00e8 in grado di garantire.<\/span><br \/><span>Campi di impiego:<\/span><br \/><span>Intonaco tagliafuoco per la protezione al fuoco dei principali supporti quali elementi in laterizio, blocchi in cemento, calcestruzzo a superficie scabra.<\/span><br \/><span>Intonaco termoisolante.<\/span><br \/><span>Intonaci in genere, sia in esterni che in interni.<\/span><br \/><span>Applicazione sia a macchina che a mano.<\/span><\/p>\n<p>[\/et_pb_text][et_pb_text _builder_version=&#8221;4.21.0&#8243; _module_preset=&#8221;1da5685a-023c-4089-a5da-19fdd5084af0&#8243; hover_enabled=&#8221;0&#8243; global_colors_info=&#8221;{}&#8221; theme_builder_area=&#8221;post_content&#8221; sticky_enabled=&#8221;0&#8243; custom_margin=&#8221;||4px|||&#8221;]<\/p>\n<div class=\"column mcb-column mcb-item-4y28y38es one column_column\">\n<div class=\"column_attr clearfix align_center\">\n<h1>PITTURE INTUMESCENTI<\/h1>\n<\/div>\n<\/div>\n<div class=\"column mcb-column mcb-item-2p1mbc5x0 one column_image_gallery\">\n<div id=\"sc_gallery-2\" class=\"gallery galleryid-44861 gallery-columns-2 gallery-size-medium file\">\n<dl class=\"gallery-item\">\n<dt class=\"gallery-icon landscape\">\n<div class=\"image_frame scale-with-grid\">\n<div class=\"image_wrapper\"><\/div>\n<\/div>\n<\/dt>\n<\/dl>\n<\/div>\n<\/div>\n<p>[\/et_pb_text][et_pb_text _builder_version=&#8221;4.21.0&#8243; _module_preset=&#8221;a4746e81-0af0-47fa-8c52-c73a71739c08&#8243; hover_enabled=&#8221;0&#8243; global_colors_info=&#8221;{}&#8221; theme_builder_area=&#8221;post_content&#8221; sticky_enabled=&#8221;0&#8243; custom_margin=&#8221;-11px|||||&#8221;]<\/p>\n<p style=\"text-align: justify;\"><span>La protezione passiva al fuoco tramite rivestimenti ignifughi deve essere curata nei minimi dettagli, dall\u2019utilizzo dei migliori materiali per i trattamenti antifuoco fino all\u2019applicazione di quest\u2019ultimi in loco. L\u2019applicazione di tali rivestimenti ignifughi infatti richiede cura particolare degli spessori e uniformit\u00e0 nell\u2019 applicazione fattori che solo un\u2019azienda con un esperienza come la nostra \u00e8 in grado di garantire.<\/span><br \/><span>Campi di impiego:<\/span><br \/><span>Intonaco tagliafuoco per la protezione al fuoco dei principali supporti quali elementi in laterizio, blocchi in cemento, calcestruzzo a superficie scabra.<\/span><br \/><span>Intonaco termoisolante.<\/span><br \/><span>Intonaci in genere, sia in esterni che in interni.<\/span><br \/><span>Applicazione sia a macchina che a mano.<\/span><\/p>\n<p>[\/et_pb_text][\/et_pb_column][\/et_pb_row][\/et_pb_section]<\/p>\n","protected":false},"excerpt":{"rendered":"<p>Trattamenti intumescenti e ignifugantiRealizziamo trattamenti intumescenti e ignifuganti per la protezione dal fuoco di strutture industriali e civili. I rivestimenti intumescenti sono formulati con diversi componenti attivi che reagiscono tra loro quando la temperatura supera certi valori, formando una schiuma carboniosa e generando gas inerti. I gas sviluppati formano bolle nel film di pittura fino [&hellip;]<\/p>\n","protected":false},"author":1,"featured_media":0,"parent":0,"menu_order":0,"comment_status":"open","ping_status":"open","template":"","meta":{"_et_pb_use_builder":"on","_et_pb_old_content":"","_et_gb_content_width":"","footnotes":""},"class_list":["post-49350","page","type-page","status-publish","hentry"],"_links":{"self":[{"href":"https:\/\/www.edilmultiservices.it\/en\/wp-json\/wp\/v2\/pages\/49350","targetHints":{"allow":["GET"]}}],"collection":[{"href":"https:\/\/www.edilmultiservices.it\/en\/wp-json\/wp\/v2\/pages"}],"about":[{"href":"https:\/\/www.edilmultiservices.it\/en\/wp-json\/wp\/v2\/types\/page"}],"author":[{"embeddable":true,"href":"https:\/\/www.edilmultiservices.it\/en\/wp-json\/wp\/v2\/users\/1"}],"replies":[{"embeddable":true,"href":"https:\/\/www.edilmultiservices.it\/en\/wp-json\/wp\/v2\/comments?post=49350"}],"version-history":[{"count":0,"href":"https:\/\/www.edilmultiservices.it\/en\/wp-json\/wp\/v2\/pages\/49350\/revisions"}],"wp:attachment":[{"href":"https:\/\/www.edilmultiservices.it\/en\/wp-json\/wp\/v2\/media?parent=49350"}],"curies":[{"name":"wp","href":"https:\/\/api.w.org\/{rel}","templated":true}]}}